{"id":1020,"date":"2021-01-27T09:38:21","date_gmt":"2021-01-27T09:38:21","guid":{"rendered":"https:\/\/www.meqify.se\/agil-organisationsanalys\/"},"modified":"2021-02-14T10:13:58","modified_gmt":"2021-02-14T10:13:58","slug":"agil-organisationsanalys","status":"publish","type":"page","link":"https:\/\/www.meqify.se\/sv\/agil-organisationsanalys\/","title":{"rendered":"Agil organisationsanalys"},"content":{"rendered":"<div id='av_section_1'  class='avia-section main_color avia-section-no-padding avia-no-border-styling  av-section-color-overlay-active avia-bg-style-fixed  avia-builder-el-0  el_before_av_one_fifth  avia-builder-el-first   av-minimum-height av-minimum-height-25  container_wrap sidebar_right' style='background-color: #e2f3f4; background-repeat: no-repeat; background-image: url(https:\/\/www.meqify.se\/wp-content\/uploads\/2020\/11\/Meqify_Illustration8.png);background-attachment: fixed; background-position: center center;  '  data-section-bg-repeat='no-repeat' data-av_minimum_height_pc='25'><div class='av-section-color-overlay-wrap'><div class='av-section-color-overlay' style='opacity: 0.1; background-color: #ffffff; '><\/div><div class='container' ><main  role=\"main\" itemprop=\"mainContentOfPage\"  class='template-page content  av-content-small alpha units'><div class='post-entry post-entry-type-page post-entry-1020'><div class='entry-content-wrapper clearfix'>\n<div class=\"flex_column av_one_third  flex_column_div av-zero-column-padding first  avia-builder-el-1  el_before_av_one_third  avia-builder-el-first  \" style='border-radius:0px; '><div  class='avia-image-container  av-styling-    avia-builder-el-2  avia-builder-el-no-sibling  avia-align-right '  itemprop=\"image\" itemscope=\"itemscope\" itemtype=\"https:\/\/schema.org\/ImageObject\"  ><div class='avia-image-container-inner'><div class='avia-image-overlay-wrap'><img decoding=\"async\" class='wp-image-682 avia-img-lazy-loading-not-682 avia_image' src=\"https:\/\/www.meqify.se\/wp-content\/uploads\/2020\/12\/Meqify_Illustration1-900SQ.png\" alt='' title='Meqify_Illustration1 900SQ' height=\"900\" width=\"900\"  itemprop=\"thumbnailUrl\" srcset=\"https:\/\/www.meqify.se\/wp-content\/uploads\/2020\/12\/Meqify_Illustration1-900SQ.png 900w, https:\/\/www.meqify.se\/wp-content\/uploads\/2020\/12\/Meqify_Illustration1-900SQ-300x300.png 300w, https:\/\/www.meqify.se\/wp-content\/uploads\/2020\/12\/Meqify_Illustration1-900SQ-80x80.png 80w, https:\/\/www.meqify.se\/wp-content\/uploads\/2020\/12\/Meqify_Illustration1-900SQ-768x768.png 768w, https:\/\/www.meqify.se\/wp-content\/uploads\/2020\/12\/Meqify_Illustration1-900SQ-36x36.png 36w, https:\/\/www.meqify.se\/wp-content\/uploads\/2020\/12\/Meqify_Illustration1-900SQ-180x180.png 180w, https:\/\/www.meqify.se\/wp-content\/uploads\/2020\/12\/Meqify_Illustration1-900SQ-705x705.png 705w\" sizes=\"(max-width: 900px) 100vw, 900px\" \/><\/div><\/div><\/div><\/div><div class=\"flex_column av_one_third  flex_column_div av-zero-column-padding   avia-builder-el-3  el_after_av_one_third  el_before_av_one_third  \" style='border-radius:0px; '><div  class='avia-image-container  av-styling-    avia-builder-el-4  avia-builder-el-no-sibling  avia-align-center '  itemprop=\"image\" itemscope=\"itemscope\" itemtype=\"https:\/\/schema.org\/ImageObject\"  ><div class='avia-image-container-inner'><div class='avia-image-overlay-wrap'><img decoding=\"async\" class='wp-image-487 avia-img-lazy-loading-not-487 avia_image' src=\"https:\/\/www.meqify.se\/wp-content\/uploads\/2020\/11\/Meqify_Illustration2-900x900-1.png\" alt='' title='Meqify_Illustration2 900x900' height=\"900\" width=\"900\"  itemprop=\"thumbnailUrl\" srcset=\"https:\/\/www.meqify.se\/wp-content\/uploads\/2020\/11\/Meqify_Illustration2-900x900-1.png 900w, https:\/\/www.meqify.se\/wp-content\/uploads\/2020\/11\/Meqify_Illustration2-900x900-1-300x300.png 300w, https:\/\/www.meqify.se\/wp-content\/uploads\/2020\/11\/Meqify_Illustration2-900x900-1-80x80.png 80w, https:\/\/www.meqify.se\/wp-content\/uploads\/2020\/11\/Meqify_Illustration2-900x900-1-768x768.png 768w, https:\/\/www.meqify.se\/wp-content\/uploads\/2020\/11\/Meqify_Illustration2-900x900-1-36x36.png 36w, https:\/\/www.meqify.se\/wp-content\/uploads\/2020\/11\/Meqify_Illustration2-900x900-1-180x180.png 180w, https:\/\/www.meqify.se\/wp-content\/uploads\/2020\/11\/Meqify_Illustration2-900x900-1-705x705.png 705w\" sizes=\"(max-width: 900px) 100vw, 900px\" \/><\/div><\/div><\/div><\/div><div class=\"flex_column av_one_third  flex_column_div av-zero-column-padding   avia-builder-el-5  el_after_av_one_third  avia-builder-el-last  \" style='border-radius:0px; '><div  class='avia-image-container  av-styling-    avia-builder-el-6  avia-builder-el-no-sibling  avia-align-left '  itemprop=\"image\" itemscope=\"itemscope\" itemtype=\"https:\/\/schema.org\/ImageObject\"  ><div class='avia-image-container-inner'><div class='avia-image-overlay-wrap'><img decoding=\"async\" class='wp-image-677 avia-img-lazy-loading-not-677 avia_image' src=\"https:\/\/www.meqify.se\/wp-content\/uploads\/2020\/12\/Meqify_Illustration4-900SQ.png\" alt='' title='Meqify_Illustration4 900SQ' height=\"900\" width=\"900\"  itemprop=\"thumbnailUrl\" srcset=\"https:\/\/www.meqify.se\/wp-content\/uploads\/2020\/12\/Meqify_Illustration4-900SQ.png 900w, https:\/\/www.meqify.se\/wp-content\/uploads\/2020\/12\/Meqify_Illustration4-900SQ-300x300.png 300w, https:\/\/www.meqify.se\/wp-content\/uploads\/2020\/12\/Meqify_Illustration4-900SQ-80x80.png 80w, https:\/\/www.meqify.se\/wp-content\/uploads\/2020\/12\/Meqify_Illustration4-900SQ-768x768.png 768w, https:\/\/www.meqify.se\/wp-content\/uploads\/2020\/12\/Meqify_Illustration4-900SQ-36x36.png 36w, https:\/\/www.meqify.se\/wp-content\/uploads\/2020\/12\/Meqify_Illustration4-900SQ-180x180.png 180w, https:\/\/www.meqify.se\/wp-content\/uploads\/2020\/12\/Meqify_Illustration4-900SQ-705x705.png 705w\" sizes=\"(max-width: 900px) 100vw, 900px\" \/><\/div><\/div><\/div><\/div>\n<\/div><\/div><\/main><!-- close content main element --><\/div><\/div><\/div><div id='after_section_1'  class='main_color av_default_container_wrap container_wrap sidebar_right' style=' '  ><div class='container' ><div class='template-page content  av-content-small alpha units'><div class='post-entry post-entry-type-page post-entry-1020'><div class='entry-content-wrapper clearfix'>\n<div class=\"flex_column av_one_fifth  flex_column_div av-zero-column-padding first  avia-builder-el-7  el_after_av_section  el_before_av_three_fifth  avia-builder-el-first  \" style='border-radius:0px; '><\/div>\n<div class=\"flex_column av_three_fifth  flex_column_div av-zero-column-padding   avia-builder-el-8  el_after_av_one_fifth  el_before_av_one_fifth  \" style='border-radius:0px; '><p><div  style='padding-bottom:10px; color:#f5a42c;font-size:52px;' class='av-special-heading av-special-heading-h1 custom-color-heading blockquote modern-quote modern-centered  avia-builder-el-9  el_before_av_textblock  avia-builder-el-first  av-inherit-size '><h1 class='av-special-heading-tag '  itemprop=\"headline\"  >Agil organisationsanalys<\/h1><div class='special-heading-border'><div class='special-heading-inner-border' style='border-color:#f5a42c'><\/div><\/div><\/div><br \/>\n<section class=\"av_textblock_section \"  itemscope=\"itemscope\" itemtype=\"https:\/\/schema.org\/CreativeWork\" ><div class='avia_textblock  '   itemprop=\"text\" ><p>En f\u00f6r\u00e4ndringsresa mot en mer fokuserad och v\u00e4rdeskapande organisation tar sin utg\u00e5ngspunkt i en god f\u00f6rst\u00e5else av nul\u00e4get.<br \/>\nMed hj\u00e4lp av \u201dLens of Agility\u201d g\u00f6r MEQIFY g\u00f6r en genomlysning av er organisation d\u00e4r vi skapar en gemensam startpunkt och bild av hur organisationen fungerar i \u00e5tta viktiga aspekter som karakt\u00e4riserar en v\u00e4lfungerande agil organisation.<br \/>\nGenom observationer, intervjuer och informationsinsamling f\u00e5r ni en analys av utmaningar och m\u00f6jligheter som \u00e4r unika f\u00f6r er.<br \/>\nBeroende p\u00e5 organisationens storlek och komplexitet utf\u00f6r vi arbetet i en sprint med ca tv\u00e5 veckors l\u00e4ngd.<\/p>\n<\/div><\/section><\/p><\/div><div class=\"flex_column av_one_fifth  flex_column_div av-zero-column-padding   avia-builder-el-11  el_after_av_three_fifth  el_before_av_one_full  \" style='border-radius:0px; '><div  class='avia-image-container  av-styling-    avia-builder-el-12  avia-builder-el-no-sibling  avia-align-center '  itemprop=\"image\" itemscope=\"itemscope\" itemtype=\"https:\/\/schema.org\/ImageObject\"  ><div class='avia-image-container-inner'><div class='avia-image-overlay-wrap'><img decoding=\"async\" class='wp-image-936 avia-img-lazy-loading-not-936 avia_image' src=\"https:\/\/www.meqify.se\/wp-content\/uploads\/2021\/01\/Meqify_Illustration5-728x1030.png\" alt='' title='Meqify_Illustration5' height=\"1030\" width=\"728\"  itemprop=\"thumbnailUrl\" srcset=\"https:\/\/www.meqify.se\/wp-content\/uploads\/2021\/01\/Meqify_Illustration5-728x1030.png 728w, https:\/\/www.meqify.se\/wp-content\/uploads\/2021\/01\/Meqify_Illustration5-212x300.png 212w, https:\/\/www.meqify.se\/wp-content\/uploads\/2021\/01\/Meqify_Illustration5-768x1086.png 768w, https:\/\/www.meqify.se\/wp-content\/uploads\/2021\/01\/Meqify_Illustration5-1086x1536.png 1086w, https:\/\/www.meqify.se\/wp-content\/uploads\/2021\/01\/Meqify_Illustration5-1448x2048.png 1448w, https:\/\/www.meqify.se\/wp-content\/uploads\/2021\/01\/Meqify_Illustration5-1060x1500.png 1060w, https:\/\/www.meqify.se\/wp-content\/uploads\/2021\/01\/Meqify_Illustration5-498x705.png 498w\" sizes=\"(max-width: 728px) 100vw, 728px\" \/><\/div><\/div><\/div><\/div><\/p>\n<div class=\"flex_column av_one_full  flex_column_div av-zero-column-padding first  avia-builder-el-13  el_after_av_one_fifth  avia-builder-el-last  column-top-margin\" style='border-radius:0px; '><\/div>\n","protected":false},"excerpt":{"rendered":"","protected":false},"author":1,"featured_media":0,"parent":0,"menu_order":0,"comment_status":"closed","ping_status":"closed","template":"","meta":{"content-type":"","footnotes":""},"class_list":["post-1020","page","type-page","status-publish","hentry"],"yoast_head":"<!-- This site is optimized with the Yoast SEO plugin v27.6 - https:\/\/yoast.com\/product\/yoast-seo-wordpress\/ -->\n<title>Agil organisationsanalys - MEQIFY<\/title>\n<meta name=\"robots\" content=\"index, follow, max-snippet:-1, max-image-preview:large, max-video-preview:-1\" \/>\n<link rel=\"canonical\" href=\"https:\/\/www.meqify.se\/sv\/agil-organisationsanalys\/\" \/>\n<meta property=\"og:locale\" content=\"sv_SE\" \/>\n<meta property=\"og:type\" content=\"article\" \/>\n<meta property=\"og:title\" content=\"Agil organisationsanalys - MEQIFY\" \/>\n<meta property=\"og:url\" content=\"https:\/\/www.meqify.se\/sv\/agil-organisationsanalys\/\" \/>\n<meta property=\"og:site_name\" content=\"MEQIFY\" \/>\n<meta property=\"article:publisher\" content=\"https:\/\/www.facebook.com\/meqify\/\" \/>\n<meta property=\"article:modified_time\" content=\"2021-02-14T10:13:58+00:00\" \/>\n<meta name=\"twitter:card\" content=\"summary_large_image\" \/>\n<meta name=\"twitter:label1\" content=\"Ber\u00e4knad l\u00e4stid\" \/>\n\t<meta name=\"twitter:data1\" content=\"8 minuter\" \/>\n<script type=\"application\/ld+json\" class=\"yoast-schema-graph\">{\"@context\":\"https:\\\/\\\/schema.org\",\"@graph\":[{\"@type\":\"WebPage\",\"@id\":\"https:\\\/\\\/www.meqify.se\\\/sv\\\/agil-organisationsanalys\\\/\",\"url\":\"https:\\\/\\\/www.meqify.se\\\/sv\\\/agil-organisationsanalys\\\/\",\"name\":\"Agil organisationsanalys - MEQIFY\",\"isPartOf\":{\"@id\":\"https:\\\/\\\/www.meqify.se\\\/#website\"},\"datePublished\":\"2021-01-27T09:38:21+00:00\",\"dateModified\":\"2021-02-14T10:13:58+00:00\",\"breadcrumb\":{\"@id\":\"https:\\\/\\\/www.meqify.se\\\/sv\\\/agil-organisationsanalys\\\/#breadcrumb\"},\"inLanguage\":\"sv-SE\",\"potentialAction\":[{\"@type\":\"ReadAction\",\"target\":[\"https:\\\/\\\/www.meqify.se\\\/sv\\\/agil-organisationsanalys\\\/\"]}]},{\"@type\":\"BreadcrumbList\",\"@id\":\"https:\\\/\\\/www.meqify.se\\\/sv\\\/agil-organisationsanalys\\\/#breadcrumb\",\"itemListElement\":[{\"@type\":\"ListItem\",\"position\":1,\"name\":\"Home\",\"item\":\"https:\\\/\\\/www.meqify.se\\\/sv\\\/hem-sv\\\/\"},{\"@type\":\"ListItem\",\"position\":2,\"name\":\"Agil organisationsanalys\"}]},{\"@type\":\"WebSite\",\"@id\":\"https:\\\/\\\/www.meqify.se\\\/#website\",\"url\":\"https:\\\/\\\/www.meqify.se\\\/\",\"name\":\"MEQIFY\",\"description\":\"We call it Agile!\",\"publisher\":{\"@id\":\"https:\\\/\\\/www.meqify.se\\\/#organization\"},\"potentialAction\":[{\"@type\":\"SearchAction\",\"target\":{\"@type\":\"EntryPoint\",\"urlTemplate\":\"https:\\\/\\\/www.meqify.se\\\/?s={search_term_string}\"},\"query-input\":{\"@type\":\"PropertyValueSpecification\",\"valueRequired\":true,\"valueName\":\"search_term_string\"}}],\"inLanguage\":\"sv-SE\"},{\"@type\":\"Organization\",\"@id\":\"https:\\\/\\\/www.meqify.se\\\/#organization\",\"name\":\"MEQIFY AB\",\"url\":\"https:\\\/\\\/www.meqify.se\\\/\",\"logo\":{\"@type\":\"ImageObject\",\"inLanguage\":\"sv-SE\",\"@id\":\"https:\\\/\\\/www.meqify.se\\\/#\\\/schema\\\/logo\\\/image\\\/\",\"url\":\"https:\\\/\\\/www.meqify.se\\\/wp-content\\\/uploads\\\/2020\\\/11\\\/173x50xMeqify_Green.png.pagespeed.ic_.n6GnB_wzB1.png\",\"contentUrl\":\"https:\\\/\\\/www.meqify.se\\\/wp-content\\\/uploads\\\/2020\\\/11\\\/173x50xMeqify_Green.png.pagespeed.ic_.n6GnB_wzB1.png\",\"width\":1496,\"height\":433,\"caption\":\"MEQIFY AB\"},\"image\":{\"@id\":\"https:\\\/\\\/www.meqify.se\\\/#\\\/schema\\\/logo\\\/image\\\/\"},\"sameAs\":[\"https:\\\/\\\/www.facebook.com\\\/meqify\\\/\",\"https:\\\/\\\/www.linkedin.com\\\/company\\\/meqify\\\/\"]}]}<\/script>\n<!-- \/ Yoast SEO plugin. -->","yoast_head_json":{"title":"Agil organisationsanalys - MEQIFY","robots":{"index":"index","follow":"follow","max-snippet":"max-snippet:-1","max-image-preview":"max-image-preview:large","max-video-preview":"max-video-preview:-1"},"canonical":"https:\/\/www.meqify.se\/sv\/agil-organisationsanalys\/","og_locale":"sv_SE","og_type":"article","og_title":"Agil organisationsanalys - MEQIFY","og_url":"https:\/\/www.meqify.se\/sv\/agil-organisationsanalys\/","og_site_name":"MEQIFY","article_publisher":"https:\/\/www.facebook.com\/meqify\/","article_modified_time":"2021-02-14T10:13:58+00:00","twitter_card":"summary_large_image","twitter_misc":{"Ber\u00e4knad l\u00e4stid":"8 minuter"},"schema":{"@context":"https:\/\/schema.org","@graph":[{"@type":"WebPage","@id":"https:\/\/www.meqify.se\/sv\/agil-organisationsanalys\/","url":"https:\/\/www.meqify.se\/sv\/agil-organisationsanalys\/","name":"Agil organisationsanalys - MEQIFY","isPartOf":{"@id":"https:\/\/www.meqify.se\/#website"},"datePublished":"2021-01-27T09:38:21+00:00","dateModified":"2021-02-14T10:13:58+00:00","breadcrumb":{"@id":"https:\/\/www.meqify.se\/sv\/agil-organisationsanalys\/#breadcrumb"},"inLanguage":"sv-SE","potentialAction":[{"@type":"ReadAction","target":["https:\/\/www.meqify.se\/sv\/agil-organisationsanalys\/"]}]},{"@type":"BreadcrumbList","@id":"https:\/\/www.meqify.se\/sv\/agil-organisationsanalys\/#breadcrumb","itemListElement":[{"@type":"ListItem","position":1,"name":"Home","item":"https:\/\/www.meqify.se\/sv\/hem-sv\/"},{"@type":"ListItem","position":2,"name":"Agil organisationsanalys"}]},{"@type":"WebSite","@id":"https:\/\/www.meqify.se\/#website","url":"https:\/\/www.meqify.se\/","name":"MEQIFY","description":"We call it Agile!","publisher":{"@id":"https:\/\/www.meqify.se\/#organization"},"potentialAction":[{"@type":"SearchAction","target":{"@type":"EntryPoint","urlTemplate":"https:\/\/www.meqify.se\/?s={search_term_string}"},"query-input":{"@type":"PropertyValueSpecification","valueRequired":true,"valueName":"search_term_string"}}],"inLanguage":"sv-SE"},{"@type":"Organization","@id":"https:\/\/www.meqify.se\/#organization","name":"MEQIFY AB","url":"https:\/\/www.meqify.se\/","logo":{"@type":"ImageObject","inLanguage":"sv-SE","@id":"https:\/\/www.meqify.se\/#\/schema\/logo\/image\/","url":"https:\/\/www.meqify.se\/wp-content\/uploads\/2020\/11\/173x50xMeqify_Green.png.pagespeed.ic_.n6GnB_wzB1.png","contentUrl":"https:\/\/www.meqify.se\/wp-content\/uploads\/2020\/11\/173x50xMeqify_Green.png.pagespeed.ic_.n6GnB_wzB1.png","width":1496,"height":433,"caption":"MEQIFY AB"},"image":{"@id":"https:\/\/www.meqify.se\/#\/schema\/logo\/image\/"},"sameAs":["https:\/\/www.facebook.com\/meqify\/","https:\/\/www.linkedin.com\/company\/meqify\/"]}]}},"_links":{"self":[{"href":"https:\/\/www.meqify.se\/sv\/wp-json\/wp\/v2\/pages\/1020","targetHints":{"allow":["GET"]}}],"collection":[{"href":"https:\/\/www.meqify.se\/sv\/wp-json\/wp\/v2\/pages"}],"about":[{"href":"https:\/\/www.meqify.se\/sv\/wp-json\/wp\/v2\/types\/page"}],"author":[{"embeddable":true,"href":"https:\/\/www.meqify.se\/sv\/wp-json\/wp\/v2\/users\/1"}],"replies":[{"embeddable":true,"href":"https:\/\/www.meqify.se\/sv\/wp-json\/wp\/v2\/comments?post=1020"}],"version-history":[{"count":0,"href":"https:\/\/www.meqify.se\/sv\/wp-json\/wp\/v2\/pages\/1020\/revisions"}],"wp:attachment":[{"href":"https:\/\/www.meqify.se\/sv\/wp-json\/wp\/v2\/media?parent=1020"}],"curies":[{"name":"wp","href":"https:\/\/api.w.org\/{rel}","templated":true}]}}