{"id":1023,"date":"2021-01-27T09:58:07","date_gmt":"2021-01-27T09:58:07","guid":{"rendered":"https:\/\/www.meqify.se\/agile-coach-och-scrum-master\/"},"modified":"2021-01-27T09:58:08","modified_gmt":"2021-01-27T09:58:08","slug":"agile-coach-och-scrum-master","status":"publish","type":"page","link":"https:\/\/www.meqify.se\/sv\/agile-coach-och-scrum-master\/","title":{"rendered":"Agile Coach och Scrum Master"},"content":{"rendered":"<div id='layer_slider_1'  class='avia-layerslider main_color avia-shadow  avia-builder-el-0  el_before_av_one_fifth  avia-builder-el-first  container_wrap sidebar_right' style='  height: 501px;' ><\/div><div id='after_layer_slider_1'  class='main_color av_default_container_wrap container_wrap sidebar_right' style=' '  ><div class='container' ><div class='template-page content  av-content-small alpha units'><div class='post-entry post-entry-type-page post-entry-1023'><div class='entry-content-wrapper clearfix'>\n<div class='flex_column_table av-equal-height-column-flextable -flextable' ><div class=\"flex_column av_one_fifth  flex_column_table_cell av-equal-height-column av-align-top av-zero-column-padding first  avia-builder-el-1  el_after_av_layerslider  el_before_av_three_fifth  avia-builder-el-first  \" style='border-radius:0px; '><\/div>\n<div class='av-flex-placeholder'><\/div><div class=\"flex_column av_three_fifth  flex_column_table_cell av-equal-height-column av-align-top av-zero-column-padding   avia-builder-el-2  el_after_av_one_fifth  el_before_av_one_fifth  \" style='border-radius:0px; '><p><div  style='padding-bottom:10px; color:#f5a42c;font-size:52px;' class='av-special-heading av-special-heading-h1 custom-color-heading blockquote modern-quote modern-centered  avia-builder-el-3  el_before_av_textblock  avia-builder-el-first  av-inherit-size '><h1 class='av-special-heading-tag '  itemprop=\"headline\"  >Agile Coach och Scrum Master<\/h1><div class='special-heading-border'><div class='special-heading-inner-border' style='border-color:#f5a42c'><\/div><\/div><\/div><br \/>\n<section class=\"av_textblock_section \"  itemscope=\"itemscope\" itemtype=\"https:\/\/schema.org\/CreativeWork\" ><div class='avia_textblock  '   itemprop=\"text\" ><p>Vi hj\u00e4lper ert agila team eller agila program att komma ig\u00e5ng eller ta sitt n\u00e4sta steg mot att n\u00e5 sin potential<\/p>\n<\/div><\/section><br \/>\n<div  class='avia-icon-list-container   avia-builder-el-5  el_after_av_textblock  avia-builder-el-last '><ul class='avia-icon-list avia-icon-list-left av-iconlist-big avia_animate_when_almost_visible avia-iconlist-animate'>\n<li><div  class='iconlist_icon  avia-font-entypo-fontello'><span class='iconlist-char ' aria-hidden='true' data-av_icon='\ue832' data-av_iconfont='entypo-fontello'><\/span><\/div><article class=\"article-icon-entry \"  itemscope=\"itemscope\" itemtype=\"https:\/\/schema.org\/CreativeWork\" ><div class='iconlist_content_wrap'><header class=\"entry-content-header\"><h4 class='av_iconlist_title iconlist_title   '  itemprop=\"headline\"  >Agila coacher som f\u00f6r\u00e4ndringsledare<\/h4><\/header><div class='iconlist_content  '  itemprop=\"text\"  ><p>Att skapa ett f\u00f6r\u00e4ndrings-team \u00e4r en framg\u00e5ngsfaktor f\u00f6r att lyckas med sin agila transformation. Med hj\u00e4lp av en agil coach finns relevant kunnande och erfarenhet att tillg\u00e5 under hela f\u00f6r\u00e4ndringsf\u00f6rloppet. Ett viktigt st\u00f6d f\u00f6r s\u00e5v\u00e4l f\u00f6r\u00e4ndrings-teamet som organisationens ledningsgrupper. Alla kommer p\u00e5verkas av kulturskiftet.<\/p>\n<\/div><\/div><footer class=\"entry-footer\"><\/footer><\/article><div class='iconlist-timeline'><\/div><\/li>\n<li><div  class='iconlist_icon  avia-font-entypo-fontello'><span class='iconlist-char ' aria-hidden='true' data-av_icon='\ue856' data-av_iconfont='entypo-fontello'><\/span><\/div><article class=\"article-icon-entry \"  itemscope=\"itemscope\" itemtype=\"https:\/\/schema.org\/CreativeWork\" ><div class='iconlist_content_wrap'><header class=\"entry-content-header\"><h4 class='av_iconlist_title iconlist_title   '  itemprop=\"headline\"  >Agila coacher som Scrum Masters<\/h4><\/header><div class='iconlist_content  '  itemprop=\"text\"  ><p>Scrum-ramverket beskriver tre olika roller: utvecklaren, produkt\u00e4garen och Scrum Mastern. Att g\u00e5 fr\u00e5n en traditionell projektorienterad matrisorganisation till agila arbetss\u00e4tt har sina utmaningar. En av nycklarna till att lyckas \u00e4r att f\u00e5 de nya rollerna och tv\u00e4rfunktionella teamen att fungera som t\u00e4nkt.<\/p>\n<p>En agil coach kan ta rollen som Scrum Master f\u00f6r att s\u00e4kerst\u00e4lla att de nya arbetss\u00e4tten introduceras p\u00e5 ett v\u00e4gvinnande s\u00e4tt. D\u00e4refter arbetar Scrum Mastern med att coacha team och organisation att leverera maximalt v\u00e4rde genom \u00f6kat fokus, samarbete och kontinuerligt l\u00e4rande. P\u00e5 MEQIFY arbetar vi sj\u00e4lva med att st\u00e4ndigt utveckla v\u00e5rt eget l\u00e4rande. P\u00e5 detta s\u00e4tt kan vi tillhandah\u00e5lla en s\u00e5 bred och relevant verktygsl\u00e5da f\u00f6r er som m\u00f6jligt.<\/p>\n<\/div><\/div><footer class=\"entry-footer\"><\/footer><\/article><div class='iconlist-timeline'><\/div><\/li>\n<li><div  class='iconlist_icon  avia-font-entypo-fontello'><span class='iconlist-char ' aria-hidden='true' data-av_icon='\ue80b' data-av_iconfont='entypo-fontello'><\/span><\/div><article class=\"article-icon-entry \"  itemscope=\"itemscope\" itemtype=\"https:\/\/schema.org\/CreativeWork\" ><div class='iconlist_content_wrap'><header class=\"entry-content-header\"><h4 class='av_iconlist_title iconlist_title   '  itemprop=\"headline\"  >Agila coacher som organisationsutvecklare<\/h4><\/header><div class='iconlist_content  '  itemprop=\"text\"  ><p>N\u00e4r teamen efterhand mognar i sitt nya arbetss\u00e4tt s\u00e5 f\u00f6r\u00e4ndras ofta den agila coachens roll. Nu kan st\u00f6rre fokus l\u00e4ggas p\u00e5 att identifiera andra organisatoriska hinder som st\u00e5r i v\u00e4gen f\u00f6r ytterligare v\u00e4rdeskapande av hela organisationen. Ibland handlar detta om att skala upp de agila arbetss\u00e4tten p\u00e5 ett h\u00e5llbart s\u00e4tt. Som alltid anpassat till organisationens utmaningar och m\u00f6jligheter.<\/p>\n<p>MEQIFY hj\u00e4lper er bemanna agila coacher, Scrum Masters, produkt\u00e4gare eller agila programchefer. Vi har l\u00e5ng erfarenhet fr\u00e5n olika industrier och ramverk som Scrum, Kanban, SAFe och Scrum@Scale.<\/p>\n<\/div><\/div><footer class=\"entry-footer\"><\/footer><\/article><div class='iconlist-timeline'><\/div><\/li>\n<\/ul><\/div><\/p><\/div><div class='av-flex-placeholder'><\/div><div class=\"flex_column av_one_fifth  flex_column_table_cell av-equal-height-column av-align-top av-zero-column-padding   avia-builder-el-6  el_after_av_three_fifth  el_before_av_one_full  \" style='border-radius:0px; '><div  class='avia-image-container  av-styling-    avia-builder-el-7  avia-builder-el-no-sibling  avia-align-center '  itemprop=\"image\" itemscope=\"itemscope\" itemtype=\"https:\/\/schema.org\/ImageObject\"  ><div class='avia-image-container-inner'><div class='avia-image-overlay-wrap'><img decoding=\"async\" class='wp-image-638 avia-img-lazy-loading-not-638 avia_image' src=\"https:\/\/www.meqify.se\/wp-content\/uploads\/2020\/12\/Meqify_Illustration4-small.png\" alt='' title='Meqify_Illustration4 small' height=\"495\" width=\"350\"  itemprop=\"thumbnailUrl\" srcset=\"https:\/\/www.meqify.se\/wp-content\/uploads\/2020\/12\/Meqify_Illustration4-small.png 350w, https:\/\/www.meqify.se\/wp-content\/uploads\/2020\/12\/Meqify_Illustration4-small-212x300.png 212w\" sizes=\"(max-width: 350px) 100vw, 350px\" \/><\/div><\/div><\/div><\/div><\/div><!--close column table wrapper. Autoclose: 1 --><\/p>\n<div class=\"flex_column av_one_full  flex_column_div av-zero-column-padding first  avia-builder-el-8  el_after_av_one_fifth  avia-builder-el-last  column-top-margin\" style='border-radius:0px; '><\/div>\n","protected":false},"excerpt":{"rendered":"","protected":false},"author":1,"featured_media":0,"parent":0,"menu_order":0,"comment_status":"closed","ping_status":"closed","template":"","meta":{"content-type":"","footnotes":""},"class_list":["post-1023","page","type-page","status-publish","hentry"],"yoast_head":"<!-- This site is optimized with the Yoast SEO plugin v27.6 - https:\/\/yoast.com\/product\/yoast-seo-wordpress\/ -->\n<title>Agile Coach och Scrum Master - MEQIFY<\/title>\n<meta name=\"robots\" content=\"index, follow, max-snippet:-1, max-image-preview:large, max-video-preview:-1\" \/>\n<link rel=\"canonical\" href=\"https:\/\/www.meqify.se\/sv\/agile-coach-och-scrum-master\/\" \/>\n<meta property=\"og:locale\" content=\"sv_SE\" \/>\n<meta property=\"og:type\" content=\"article\" \/>\n<meta property=\"og:title\" content=\"Agile Coach och Scrum Master - MEQIFY\" \/>\n<meta property=\"og:url\" content=\"https:\/\/www.meqify.se\/sv\/agile-coach-och-scrum-master\/\" \/>\n<meta property=\"og:site_name\" content=\"MEQIFY\" \/>\n<meta property=\"article:publisher\" content=\"https:\/\/www.facebook.com\/meqify\/\" \/>\n<meta property=\"article:modified_time\" content=\"2021-01-27T09:58:08+00:00\" \/>\n<meta name=\"twitter:card\" content=\"summary_large_image\" \/>\n<meta name=\"twitter:label1\" content=\"Ber\u00e4knad l\u00e4stid\" \/>\n\t<meta name=\"twitter:data1\" content=\"6 minuter\" \/>\n<script type=\"application\/ld+json\" class=\"yoast-schema-graph\">{\"@context\":\"https:\\\/\\\/schema.org\",\"@graph\":[{\"@type\":\"WebPage\",\"@id\":\"https:\\\/\\\/www.meqify.se\\\/sv\\\/agile-coach-och-scrum-master\\\/\",\"url\":\"https:\\\/\\\/www.meqify.se\\\/sv\\\/agile-coach-och-scrum-master\\\/\",\"name\":\"Agile Coach och Scrum Master - MEQIFY\",\"isPartOf\":{\"@id\":\"https:\\\/\\\/www.meqify.se\\\/#website\"},\"datePublished\":\"2021-01-27T09:58:07+00:00\",\"dateModified\":\"2021-01-27T09:58:08+00:00\",\"breadcrumb\":{\"@id\":\"https:\\\/\\\/www.meqify.se\\\/sv\\\/agile-coach-och-scrum-master\\\/#breadcrumb\"},\"inLanguage\":\"sv-SE\",\"potentialAction\":[{\"@type\":\"ReadAction\",\"target\":[\"https:\\\/\\\/www.meqify.se\\\/sv\\\/agile-coach-och-scrum-master\\\/\"]}]},{\"@type\":\"BreadcrumbList\",\"@id\":\"https:\\\/\\\/www.meqify.se\\\/sv\\\/agile-coach-och-scrum-master\\\/#breadcrumb\",\"itemListElement\":[{\"@type\":\"ListItem\",\"position\":1,\"name\":\"Home\",\"item\":\"https:\\\/\\\/www.meqify.se\\\/sv\\\/hem-sv\\\/\"},{\"@type\":\"ListItem\",\"position\":2,\"name\":\"Agile Coach och Scrum Master\"}]},{\"@type\":\"WebSite\",\"@id\":\"https:\\\/\\\/www.meqify.se\\\/#website\",\"url\":\"https:\\\/\\\/www.meqify.se\\\/\",\"name\":\"MEQIFY\",\"description\":\"We call it Agile!\",\"publisher\":{\"@id\":\"https:\\\/\\\/www.meqify.se\\\/#organization\"},\"potentialAction\":[{\"@type\":\"SearchAction\",\"target\":{\"@type\":\"EntryPoint\",\"urlTemplate\":\"https:\\\/\\\/www.meqify.se\\\/?s={search_term_string}\"},\"query-input\":{\"@type\":\"PropertyValueSpecification\",\"valueRequired\":true,\"valueName\":\"search_term_string\"}}],\"inLanguage\":\"sv-SE\"},{\"@type\":\"Organization\",\"@id\":\"https:\\\/\\\/www.meqify.se\\\/#organization\",\"name\":\"MEQIFY AB\",\"url\":\"https:\\\/\\\/www.meqify.se\\\/\",\"logo\":{\"@type\":\"ImageObject\",\"inLanguage\":\"sv-SE\",\"@id\":\"https:\\\/\\\/www.meqify.se\\\/#\\\/schema\\\/logo\\\/image\\\/\",\"url\":\"https:\\\/\\\/www.meqify.se\\\/wp-content\\\/uploads\\\/2020\\\/11\\\/173x50xMeqify_Green.png.pagespeed.ic_.n6GnB_wzB1.png\",\"contentUrl\":\"https:\\\/\\\/www.meqify.se\\\/wp-content\\\/uploads\\\/2020\\\/11\\\/173x50xMeqify_Green.png.pagespeed.ic_.n6GnB_wzB1.png\",\"width\":1496,\"height\":433,\"caption\":\"MEQIFY AB\"},\"image\":{\"@id\":\"https:\\\/\\\/www.meqify.se\\\/#\\\/schema\\\/logo\\\/image\\\/\"},\"sameAs\":[\"https:\\\/\\\/www.facebook.com\\\/meqify\\\/\",\"https:\\\/\\\/www.linkedin.com\\\/company\\\/meqify\\\/\"]}]}<\/script>\n<!-- \/ Yoast SEO plugin. -->","yoast_head_json":{"title":"Agile Coach och Scrum Master - MEQIFY","robots":{"index":"index","follow":"follow","max-snippet":"max-snippet:-1","max-image-preview":"max-image-preview:large","max-video-preview":"max-video-preview:-1"},"canonical":"https:\/\/www.meqify.se\/sv\/agile-coach-och-scrum-master\/","og_locale":"sv_SE","og_type":"article","og_title":"Agile Coach och Scrum Master - MEQIFY","og_url":"https:\/\/www.meqify.se\/sv\/agile-coach-och-scrum-master\/","og_site_name":"MEQIFY","article_publisher":"https:\/\/www.facebook.com\/meqify\/","article_modified_time":"2021-01-27T09:58:08+00:00","twitter_card":"summary_large_image","twitter_misc":{"Ber\u00e4knad l\u00e4stid":"6 minuter"},"schema":{"@context":"https:\/\/schema.org","@graph":[{"@type":"WebPage","@id":"https:\/\/www.meqify.se\/sv\/agile-coach-och-scrum-master\/","url":"https:\/\/www.meqify.se\/sv\/agile-coach-och-scrum-master\/","name":"Agile Coach och Scrum Master - MEQIFY","isPartOf":{"@id":"https:\/\/www.meqify.se\/#website"},"datePublished":"2021-01-27T09:58:07+00:00","dateModified":"2021-01-27T09:58:08+00:00","breadcrumb":{"@id":"https:\/\/www.meqify.se\/sv\/agile-coach-och-scrum-master\/#breadcrumb"},"inLanguage":"sv-SE","potentialAction":[{"@type":"ReadAction","target":["https:\/\/www.meqify.se\/sv\/agile-coach-och-scrum-master\/"]}]},{"@type":"BreadcrumbList","@id":"https:\/\/www.meqify.se\/sv\/agile-coach-och-scrum-master\/#breadcrumb","itemListElement":[{"@type":"ListItem","position":1,"name":"Home","item":"https:\/\/www.meqify.se\/sv\/hem-sv\/"},{"@type":"ListItem","position":2,"name":"Agile Coach och Scrum Master"}]},{"@type":"WebSite","@id":"https:\/\/www.meqify.se\/#website","url":"https:\/\/www.meqify.se\/","name":"MEQIFY","description":"We call it Agile!","publisher":{"@id":"https:\/\/www.meqify.se\/#organization"},"potentialAction":[{"@type":"SearchAction","target":{"@type":"EntryPoint","urlTemplate":"https:\/\/www.meqify.se\/?s={search_term_string}"},"query-input":{"@type":"PropertyValueSpecification","valueRequired":true,"valueName":"search_term_string"}}],"inLanguage":"sv-SE"},{"@type":"Organization","@id":"https:\/\/www.meqify.se\/#organization","name":"MEQIFY AB","url":"https:\/\/www.meqify.se\/","logo":{"@type":"ImageObject","inLanguage":"sv-SE","@id":"https:\/\/www.meqify.se\/#\/schema\/logo\/image\/","url":"https:\/\/www.meqify.se\/wp-content\/uploads\/2020\/11\/173x50xMeqify_Green.png.pagespeed.ic_.n6GnB_wzB1.png","contentUrl":"https:\/\/www.meqify.se\/wp-content\/uploads\/2020\/11\/173x50xMeqify_Green.png.pagespeed.ic_.n6GnB_wzB1.png","width":1496,"height":433,"caption":"MEQIFY AB"},"image":{"@id":"https:\/\/www.meqify.se\/#\/schema\/logo\/image\/"},"sameAs":["https:\/\/www.facebook.com\/meqify\/","https:\/\/www.linkedin.com\/company\/meqify\/"]}]}},"_links":{"self":[{"href":"https:\/\/www.meqify.se\/sv\/wp-json\/wp\/v2\/pages\/1023","targetHints":{"allow":["GET"]}}],"collection":[{"href":"https:\/\/www.meqify.se\/sv\/wp-json\/wp\/v2\/pages"}],"about":[{"href":"https:\/\/www.meqify.se\/sv\/wp-json\/wp\/v2\/types\/page"}],"author":[{"embeddable":true,"href":"https:\/\/www.meqify.se\/sv\/wp-json\/wp\/v2\/users\/1"}],"replies":[{"embeddable":true,"href":"https:\/\/www.meqify.se\/sv\/wp-json\/wp\/v2\/comments?post=1023"}],"version-history":[{"count":0,"href":"https:\/\/www.meqify.se\/sv\/wp-json\/wp\/v2\/pages\/1023\/revisions"}],"wp:attachment":[{"href":"https:\/\/www.meqify.se\/sv\/wp-json\/wp\/v2\/media?parent=1023"}],"curies":[{"name":"wp","href":"https:\/\/api.w.org\/{rel}","templated":true}]}}