{"id":1027,"date":"2021-01-28T10:23:13","date_gmt":"2021-01-28T10:23:13","guid":{"rendered":"https:\/\/www.meqify.se\/agile-training\/"},"modified":"2022-08-22T07:57:36","modified_gmt":"2022-08-22T07:57:36","slug":"agile-training","status":"publish","type":"page","link":"https:\/\/www.meqify.se\/sv\/agile-training\/","title":{"rendered":"Agile Training"},"content":{"rendered":"<div id='layer_slider_1'  class='avia-layerslider main_color avia-shadow  avia-builder-el-0  el_before_av_one_fifth  avia-builder-el-first  container_wrap sidebar_right' style='  height: 501px;' ><\/div><div id='after_layer_slider_1'  class='main_color av_default_container_wrap container_wrap sidebar_right' style=' '  ><div class='container' ><div class='template-page content  av-content-small alpha units'><div class='post-entry post-entry-type-page post-entry-1027'><div class='entry-content-wrapper clearfix'>\n<div class=\"flex_column av_one_fifth  flex_column_div av-zero-column-padding first  avia-builder-el-1  el_after_av_layerslider  el_before_av_three_fifth  avia-builder-el-first  \" style='border-radius:0px; '><\/div>\n<div class=\"flex_column av_three_fifth  flex_column_div av-zero-column-padding   avia-builder-el-2  el_after_av_one_fifth  el_before_av_one_fifth  \" style='border-radius:0px; '><p><div  style='padding-bottom:10px; color:#f5a42c;font-size:52px;' class='av-special-heading av-special-heading-h1 custom-color-heading blockquote modern-quote modern-centered  avia-builder-el-3  el_before_av_textblock  avia-builder-el-first  av-inherit-size '><h1 class='av-special-heading-tag '  itemprop=\"headline\"  >Agile Training<\/h1><div class='special-heading-border'><div class='special-heading-inner-border' style='border-color:#f5a42c'><\/div><\/div><\/div><br \/>\n<section class=\"av_textblock_section \"  itemscope=\"itemscope\" itemtype=\"https:\/\/schema.org\/CreativeWork\" ><div class='avia_textblock  '   itemprop=\"text\" ><p>F\u00f6r att utbilda er organisation i agila arbetss\u00e4tt erbjuder MEQIFY s\u00e5v\u00e4l \u00f6ppna som f\u00f6retagsanpassade utbildningar. Under utbildningarna varvas teori med praktik f\u00f6r att deltagaren ska f\u00e5 en f\u00f6rdjupad f\u00f6rst\u00e5else f\u00f6r hur beteenden, roller och strukturer fungerar i en agil organisation till skillnad fr\u00e5n en traditionell (ofta projektorienterad) organisation.<br \/>\nVi tillhandah\u00e5ller f\u00f6ljande utbildningar:<\/p>\n<\/div><\/section><br \/>\n<div  class='avia-icon-list-container   avia-builder-el-5  el_after_av_textblock  avia-builder-el-last '><ul class='avia-icon-list avia-icon-list-left av-iconlist-big avia_animate_when_almost_visible avia-iconlist-animate'>\n<li><a href='https:\/\/www.meqify.se\/sv\/education\/agile-for-alla\/' title='Agile f\u00f6r alla'  target=\"_blank\"  rel=\"noopener noreferrer\"  class='iconlist_icon  avia-font-entypo-fontello'><span class='iconlist-char ' aria-hidden='true' data-av_icon='\ue80b' data-av_iconfont='entypo-fontello'><\/span><\/a><article class=\"article-icon-entry \"  itemscope=\"itemscope\" itemtype=\"https:\/\/schema.org\/CreativeWork\" ><div class='iconlist_content_wrap'><header class=\"entry-content-header\"><h4 class='av_iconlist_title iconlist_title   '  itemprop=\"headline\"  ><a href='https:\/\/www.meqify.se\/sv\/education\/agile-for-alla\/' title='Agile f\u00f6r alla' target=\"_blank\"  rel=\"noopener noreferrer\">Agile f\u00f6r alla<\/a><\/h4><\/header><div class='iconlist_content  '  itemprop=\"text\"  ><p><a href=\"https:\/\/www.meqify.se\/sv\/?post_type=portfolio&amp;p=1558\">Introduktionskurs f\u00f6r ledare p\u00e5 alla niv\u00e5er inom offentlig sektor och industri som vill l\u00e4ra sig agila arbetss\u00e4tt.<\/a><\/p>\n<\/div><\/div><footer class=\"entry-footer\"><\/footer><\/article><div class='iconlist-timeline'><\/div><\/li>\n<li><a href='https:\/\/www.meqify.se\/sv\/education\/agile-product-development-scrum-for-hardware\/' title='Scrum for Hardware - onsite (2 days)'   class='iconlist_icon  avia-font-entypo-fontello'><span class='iconlist-char ' aria-hidden='true' data-av_icon='\ue855' data-av_iconfont='entypo-fontello'><\/span><\/a><article class=\"article-icon-entry \"  itemscope=\"itemscope\" itemtype=\"https:\/\/schema.org\/CreativeWork\" ><div class='iconlist_content_wrap'><header class=\"entry-content-header\"><h4 class='av_iconlist_title iconlist_title   '  itemprop=\"headline\"  ><a href='https:\/\/www.meqify.se\/sv\/education\/agile-product-development-scrum-for-hardware\/' title='Scrum for Hardware - onsite (2 days)'>Scrum for Hardware - onsite (2 days)<\/a><\/h4><\/header><div class='iconlist_content  '  itemprop=\"text\"  ><p><a href=\"https:\/\/www.meqify.se\/sv\/education\/agile-product-development-scrum-for-hardware\/\">A 2-day training where you learn Scrum adapted for hardware development in the classroom.<\/a><\/p>\n<\/div><\/div><footer class=\"entry-footer\"><\/footer><\/article><div class='iconlist-timeline'><\/div><\/li>\n<li><a href='https:\/\/www.meqify.se\/sv\/education\/scrum-for-hardware-online\/' title='Scrum for Hardware - online (4 halfdays)'   class='iconlist_icon  avia-font-entypo-fontello'><span class='iconlist-char ' aria-hidden='true' data-av_icon='\ue86d' data-av_iconfont='entypo-fontello'><\/span><\/a><article class=\"article-icon-entry \"  itemscope=\"itemscope\" itemtype=\"https:\/\/schema.org\/CreativeWork\" ><div class='iconlist_content_wrap'><header class=\"entry-content-header\"><h4 class='av_iconlist_title iconlist_title   '  itemprop=\"headline\"  ><a href='https:\/\/www.meqify.se\/sv\/education\/scrum-for-hardware-online\/' title='Scrum for Hardware - online (4 halfdays)'>Scrum for Hardware - online (4 halfdays)<\/a><\/h4><\/header><div class='iconlist_content  '  itemprop=\"text\"  ><p><a href=\"https:\/\/www.meqify.se\/education\/scrum-hardware-digital\/\">An online training course over 4 days, where you learn Scrum adapted for hardware development.<\/a><\/p>\n<\/div><\/div><footer class=\"entry-footer\"><\/footer><\/article><div class='iconlist-timeline'><\/div><\/li>\n<li><a href='https:\/\/www.meqify.se\/education\/agile-portfolio-management\/' title='Agile Portfolio Management'   class='iconlist_icon  avia-font-entypo-fontello'><span class='iconlist-char ' aria-hidden='true' data-av_icon='\ue8bb' data-av_iconfont='entypo-fontello'><\/span><\/a><article class=\"article-icon-entry \"  itemscope=\"itemscope\" itemtype=\"https:\/\/schema.org\/CreativeWork\" ><div class='iconlist_content_wrap'><header class=\"entry-content-header\"><h4 class='av_iconlist_title iconlist_title   '  itemprop=\"headline\"  ><a href='https:\/\/www.meqify.se\/education\/agile-portfolio-management\/' title='Agile Portfolio Management'>Agile Portfolio Management<\/a><\/h4><\/header><div class='iconlist_content  '  itemprop=\"text\"  ><p><a href=\"https:\/\/www.meqify.se\/sv\/?post_type=portfolio&#038;p=1542\">A course about connecting all parts of the company from Portfolio &amp; Steering \u2013 to Agile Team deliveries to customers.<\/a><\/p>\n<\/div><\/div><footer class=\"entry-footer\"><\/footer><\/article><div class='iconlist-timeline'><\/div><\/li>\n<\/ul><\/div><\/p><\/div><div class=\"flex_column av_one_fifth  flex_column_div av-zero-column-padding   avia-builder-el-6  el_after_av_three_fifth  avia-builder-el-last  \" style='border-radius:0px; '><div  class='avia-image-container  av-styling-    avia-builder-el-7  avia-builder-el-no-sibling  avia-align-center '  itemprop=\"image\" itemscope=\"itemscope\" itemtype=\"https:\/\/schema.org\/ImageObject\"  ><div class='avia-image-container-inner'><div class='avia-image-overlay-wrap'><img decoding=\"async\" class='wp-image-466 avia-img-lazy-loading-not-466 avia_image' src=\"https:\/\/www.meqify.se\/wp-content\/uploads\/2020\/11\/Meqify_Illustration2-728x1030.png\" alt='' title='Meqify_Illustration2' height=\"1030\" width=\"728\"  itemprop=\"thumbnailUrl\" srcset=\"https:\/\/www.meqify.se\/wp-content\/uploads\/2020\/11\/Meqify_Illustration2-728x1030.png 728w, https:\/\/www.meqify.se\/wp-content\/uploads\/2020\/11\/Meqify_Illustration2-212x300.png 212w, https:\/\/www.meqify.se\/wp-content\/uploads\/2020\/11\/Meqify_Illustration2-768x1086.png 768w, https:\/\/www.meqify.se\/wp-content\/uploads\/2020\/11\/Meqify_Illustration2-1086x1536.png 1086w, https:\/\/www.meqify.se\/wp-content\/uploads\/2020\/11\/Meqify_Illustration2-1448x2048.png 1448w, https:\/\/www.meqify.se\/wp-content\/uploads\/2020\/11\/Meqify_Illustration2-1060x1500.png 1060w, https:\/\/www.meqify.se\/wp-content\/uploads\/2020\/11\/Meqify_Illustration2-498x705.png 498w\" sizes=\"(max-width: 728px) 100vw, 728px\" \/><\/div><\/div><\/div><\/div><\/p>\n","protected":false},"excerpt":{"rendered":"","protected":false},"author":7,"featured_media":0,"parent":0,"menu_order":0,"comment_status":"closed","ping_status":"closed","template":"","meta":{"content-type":"","footnotes":""},"class_list":["post-1027","page","type-page","status-publish","hentry"],"yoast_head":"<!-- This site is optimized with the Yoast SEO plugin v27.5 - https:\/\/yoast.com\/product\/yoast-seo-wordpress\/ -->\n<title>Agile Training - MEQIFY<\/title>\n<meta name=\"robots\" content=\"index, follow, max-snippet:-1, max-image-preview:large, max-video-preview:-1\" \/>\n<link rel=\"canonical\" href=\"https:\/\/www.meqify.se\/sv\/agile-training\/\" \/>\n<meta property=\"og:locale\" content=\"sv_SE\" \/>\n<meta property=\"og:type\" content=\"article\" \/>\n<meta property=\"og:title\" content=\"Agile Training - MEQIFY\" \/>\n<meta property=\"og:url\" content=\"https:\/\/www.meqify.se\/sv\/agile-training\/\" \/>\n<meta property=\"og:site_name\" content=\"MEQIFY\" \/>\n<meta property=\"article:publisher\" content=\"https:\/\/www.facebook.com\/meqify\/\" \/>\n<meta property=\"article:modified_time\" content=\"2022-08-22T07:57:36+00:00\" \/>\n<meta name=\"twitter:card\" content=\"summary_large_image\" \/>\n<meta name=\"twitter:label1\" content=\"Ber\u00e4knad l\u00e4stid\" \/>\n\t<meta name=\"twitter:data1\" content=\"5 minuter\" \/>\n<script type=\"application\/ld+json\" class=\"yoast-schema-graph\">{\"@context\":\"https:\\\/\\\/schema.org\",\"@graph\":[{\"@type\":\"WebPage\",\"@id\":\"https:\\\/\\\/www.meqify.se\\\/sv\\\/agile-training\\\/\",\"url\":\"https:\\\/\\\/www.meqify.se\\\/sv\\\/agile-training\\\/\",\"name\":\"Agile Training - MEQIFY\",\"isPartOf\":{\"@id\":\"https:\\\/\\\/www.meqify.se\\\/#website\"},\"datePublished\":\"2021-01-28T10:23:13+00:00\",\"dateModified\":\"2022-08-22T07:57:36+00:00\",\"breadcrumb\":{\"@id\":\"https:\\\/\\\/www.meqify.se\\\/sv\\\/agile-training\\\/#breadcrumb\"},\"inLanguage\":\"sv-SE\",\"potentialAction\":[{\"@type\":\"ReadAction\",\"target\":[\"https:\\\/\\\/www.meqify.se\\\/sv\\\/agile-training\\\/\"]}]},{\"@type\":\"BreadcrumbList\",\"@id\":\"https:\\\/\\\/www.meqify.se\\\/sv\\\/agile-training\\\/#breadcrumb\",\"itemListElement\":[{\"@type\":\"ListItem\",\"position\":1,\"name\":\"Home\",\"item\":\"https:\\\/\\\/www.meqify.se\\\/sv\\\/hem-sv\\\/\"},{\"@type\":\"ListItem\",\"position\":2,\"name\":\"Agile Training\"}]},{\"@type\":\"WebSite\",\"@id\":\"https:\\\/\\\/www.meqify.se\\\/#website\",\"url\":\"https:\\\/\\\/www.meqify.se\\\/\",\"name\":\"MEQIFY\",\"description\":\"We call it Agile!\",\"publisher\":{\"@id\":\"https:\\\/\\\/www.meqify.se\\\/#organization\"},\"potentialAction\":[{\"@type\":\"SearchAction\",\"target\":{\"@type\":\"EntryPoint\",\"urlTemplate\":\"https:\\\/\\\/www.meqify.se\\\/?s={search_term_string}\"},\"query-input\":{\"@type\":\"PropertyValueSpecification\",\"valueRequired\":true,\"valueName\":\"search_term_string\"}}],\"inLanguage\":\"sv-SE\"},{\"@type\":\"Organization\",\"@id\":\"https:\\\/\\\/www.meqify.se\\\/#organization\",\"name\":\"MEQIFY AB\",\"url\":\"https:\\\/\\\/www.meqify.se\\\/\",\"logo\":{\"@type\":\"ImageObject\",\"inLanguage\":\"sv-SE\",\"@id\":\"https:\\\/\\\/www.meqify.se\\\/#\\\/schema\\\/logo\\\/image\\\/\",\"url\":\"https:\\\/\\\/www.meqify.se\\\/wp-content\\\/uploads\\\/2020\\\/11\\\/173x50xMeqify_Green.png.pagespeed.ic_.n6GnB_wzB1.png\",\"contentUrl\":\"https:\\\/\\\/www.meqify.se\\\/wp-content\\\/uploads\\\/2020\\\/11\\\/173x50xMeqify_Green.png.pagespeed.ic_.n6GnB_wzB1.png\",\"width\":1496,\"height\":433,\"caption\":\"MEQIFY AB\"},\"image\":{\"@id\":\"https:\\\/\\\/www.meqify.se\\\/#\\\/schema\\\/logo\\\/image\\\/\"},\"sameAs\":[\"https:\\\/\\\/www.facebook.com\\\/meqify\\\/\",\"https:\\\/\\\/www.linkedin.com\\\/company\\\/meqify\\\/\"]}]}<\/script>\n<!-- \/ Yoast SEO plugin. -->","yoast_head_json":{"title":"Agile Training - MEQIFY","robots":{"index":"index","follow":"follow","max-snippet":"max-snippet:-1","max-image-preview":"max-image-preview:large","max-video-preview":"max-video-preview:-1"},"canonical":"https:\/\/www.meqify.se\/sv\/agile-training\/","og_locale":"sv_SE","og_type":"article","og_title":"Agile Training - MEQIFY","og_url":"https:\/\/www.meqify.se\/sv\/agile-training\/","og_site_name":"MEQIFY","article_publisher":"https:\/\/www.facebook.com\/meqify\/","article_modified_time":"2022-08-22T07:57:36+00:00","twitter_card":"summary_large_image","twitter_misc":{"Ber\u00e4knad l\u00e4stid":"5 minuter"},"schema":{"@context":"https:\/\/schema.org","@graph":[{"@type":"WebPage","@id":"https:\/\/www.meqify.se\/sv\/agile-training\/","url":"https:\/\/www.meqify.se\/sv\/agile-training\/","name":"Agile Training - MEQIFY","isPartOf":{"@id":"https:\/\/www.meqify.se\/#website"},"datePublished":"2021-01-28T10:23:13+00:00","dateModified":"2022-08-22T07:57:36+00:00","breadcrumb":{"@id":"https:\/\/www.meqify.se\/sv\/agile-training\/#breadcrumb"},"inLanguage":"sv-SE","potentialAction":[{"@type":"ReadAction","target":["https:\/\/www.meqify.se\/sv\/agile-training\/"]}]},{"@type":"BreadcrumbList","@id":"https:\/\/www.meqify.se\/sv\/agile-training\/#breadcrumb","itemListElement":[{"@type":"ListItem","position":1,"name":"Home","item":"https:\/\/www.meqify.se\/sv\/hem-sv\/"},{"@type":"ListItem","position":2,"name":"Agile Training"}]},{"@type":"WebSite","@id":"https:\/\/www.meqify.se\/#website","url":"https:\/\/www.meqify.se\/","name":"MEQIFY","description":"We call it Agile!","publisher":{"@id":"https:\/\/www.meqify.se\/#organization"},"potentialAction":[{"@type":"SearchAction","target":{"@type":"EntryPoint","urlTemplate":"https:\/\/www.meqify.se\/?s={search_term_string}"},"query-input":{"@type":"PropertyValueSpecification","valueRequired":true,"valueName":"search_term_string"}}],"inLanguage":"sv-SE"},{"@type":"Organization","@id":"https:\/\/www.meqify.se\/#organization","name":"MEQIFY AB","url":"https:\/\/www.meqify.se\/","logo":{"@type":"ImageObject","inLanguage":"sv-SE","@id":"https:\/\/www.meqify.se\/#\/schema\/logo\/image\/","url":"https:\/\/www.meqify.se\/wp-content\/uploads\/2020\/11\/173x50xMeqify_Green.png.pagespeed.ic_.n6GnB_wzB1.png","contentUrl":"https:\/\/www.meqify.se\/wp-content\/uploads\/2020\/11\/173x50xMeqify_Green.png.pagespeed.ic_.n6GnB_wzB1.png","width":1496,"height":433,"caption":"MEQIFY AB"},"image":{"@id":"https:\/\/www.meqify.se\/#\/schema\/logo\/image\/"},"sameAs":["https:\/\/www.facebook.com\/meqify\/","https:\/\/www.linkedin.com\/company\/meqify\/"]}]}},"_links":{"self":[{"href":"https:\/\/www.meqify.se\/sv\/wp-json\/wp\/v2\/pages\/1027","targetHints":{"allow":["GET"]}}],"collection":[{"href":"https:\/\/www.meqify.se\/sv\/wp-json\/wp\/v2\/pages"}],"about":[{"href":"https:\/\/www.meqify.se\/sv\/wp-json\/wp\/v2\/types\/page"}],"author":[{"embeddable":true,"href":"https:\/\/www.meqify.se\/sv\/wp-json\/wp\/v2\/users\/7"}],"replies":[{"embeddable":true,"href":"https:\/\/www.meqify.se\/sv\/wp-json\/wp\/v2\/comments?post=1027"}],"version-history":[{"count":4,"href":"https:\/\/www.meqify.se\/sv\/wp-json\/wp\/v2\/pages\/1027\/revisions"}],"predecessor-version":[{"id":1728,"href":"https:\/\/www.meqify.se\/sv\/wp-json\/wp\/v2\/pages\/1027\/revisions\/1728"}],"wp:attachment":[{"href":"https:\/\/www.meqify.se\/sv\/wp-json\/wp\/v2\/media?parent=1027"}],"curies":[{"name":"wp","href":"https:\/\/api.w.org\/{rel}","templated":true}]}}