{"id":1191,"date":"2021-02-14T09:28:27","date_gmt":"2021-02-14T09:28:27","guid":{"rendered":"https:\/\/www.meqify.se\/om-oss\/"},"modified":"2021-03-14T11:38:53","modified_gmt":"2021-03-14T11:38:53","slug":"om-oss","status":"publish","type":"page","link":"https:\/\/www.meqify.se\/sv\/om-oss\/","title":{"rendered":"Om oss"},"content":{"rendered":"<div id='av_section_1'  class='avia-section main_color avia-section-default avia-no-border-styling  avia-full-stretch avia-bg-style-scroll  avia-builder-el-0  el_before_av_section  avia-builder-el-first   av-arrow-down-section av-minimum-height av-minimum-height-custom  container_wrap sidebar_right' style='background-color: #e2f3f4; background-repeat: no-repeat; background-image: url(https:\/\/www.meqify.se\/wp-content\/uploads\/2020\/12\/cogs-downside.png);background-attachment: scroll; background-position: bottom center;  '  data-section-bg-repeat='stretch'><div class='container' style='height:430px'><main  role=\"main\" itemprop=\"mainContentOfPage\"  class='template-page content  av-content-small alpha units'><div class='post-entry post-entry-type-page post-entry-1191'><div class='entry-content-wrapper clearfix'>\n<div  style='padding-bottom:40px; color:#093c5f;font-size:60px;' class='av-special-heading av-special-heading-h2 custom-color-heading blockquote modern-quote modern-centered  avia-builder-el-1  avia-builder-el-no-sibling  av-inherit-size '><h2 class='av-special-heading-tag '  itemprop=\"headline\"  >Om MEQIFY<\/h2><div class ='av-subheading av-subheading_below av_custom_color ' style='font-size:20px;'><p>Agile is in our DNA<\/p>\n<\/div><div class='special-heading-border'><div class='special-heading-inner-border' style='border-color:#093c5f'><\/div><\/div><\/div>\n\n<\/div><\/div><\/main><!-- close content main element --><\/div><div class='av-extra-border-element border-extra-arrow-down'><div class='av-extra-border-outer'><div class='av-extra-border-inner'  style='background-color:#e2f3f4;' ><\/div><\/div><\/div><\/div><div id='av_section_2'  class='avia-section main_color avia-section-large avia-no-border-styling  avia-bg-style-scroll  avia-builder-el-2  el_after_av_section  avia-builder-el-last   av-arrow-down-section container_wrap sidebar_right' style=' '  ><div class='container' ><div class='template-page content  av-content-small alpha units'><div class='post-entry post-entry-type-page post-entry-1191'><div class='entry-content-wrapper clearfix'>\n<div class=\"flex_column av_three_fifth  flex_column_div av-zero-column-padding first  avia-builder-el-3  el_before_av_two_fifth  avia-builder-el-first  \" style='border-radius:0px; '><section class=\"av_textblock_section \"  itemscope=\"itemscope\" itemtype=\"https:\/\/schema.org\/CreativeWork\" ><div class='avia_textblock  '   itemprop=\"text\" ><h1>MEQIFYs historia<\/h1>\n<p><em><strong>Det startade som ett pilotprojekt som skulle utreda om motivation, effektivitet och kvalitet kunde f\u00f6rb\u00e4ttras med agila arbetss\u00e4tt. Projektet resulterade i ett f\u00f6retag och det som MEQIFY \u00e4r idag.<\/strong><\/em><\/p>\n<p><a href=\"https:\/\/career.meqify.se\/pages\/historia?_ga=2.258505356.789450859.1613294814-2017286993.1610980744\">L\u00e4s mer h\u00e4r<\/a><\/p>\n<\/div><\/section><\/div><div class=\"flex_column av_two_fifth  flex_column_div   avia-builder-el-5  el_after_av_three_fifth  avia-builder-el-last  \" ><div  class='avia-gallery  avia-gallery-1 avia_lazyload avia-gallery-animate avia_animate_when_visible  avia-builder-el-6  avia-builder-el-no-sibling '  itemprop=\"image\" itemscope=\"itemscope\" itemtype=\"https:\/\/schema.org\/ImageObject\" ><div class='avia-gallery-thumb'> <a href='https:\/\/www.meqify.se\/wp-content\/uploads\/2020\/12\/2020-12-04_09-34-55.png' data-rel='gallery-1' data-prev-img='https:\/\/www.meqify.se\/wp-content\/uploads\/2020\/12\/2020-12-04_09-34-55-495x400.png' class='first_thumb lightbox ' data-onclick='1' title='2020-12-04_09-34-55'  itemprop=\"thumbnailUrl\"  ><img decoding=\"async\" class=\"wp-image-706 avia-img-lazy-loading-not-706\"   src=\"https:\/\/www.meqify.se\/wp-content\/uploads\/2020\/12\/2020-12-04_09-34-55-495x400.png\" width=\"495\" height=\"400\"  title='2020-12-04_09-34-55' alt='' srcset=\"https:\/\/www.meqify.se\/wp-content\/uploads\/2020\/12\/2020-12-04_09-34-55-495x400.png 495w, https:\/\/www.meqify.se\/wp-content\/uploads\/2020\/12\/2020-12-04_09-34-55-845x681.png 845w\" sizes=\"(max-width: 495px) 100vw, 495px\" \/><\/a> <a href='https:\/\/www.meqify.se\/wp-content\/uploads\/2021\/01\/fika-1030x687.jpeg' data-rel='gallery-1' data-prev-img='https:\/\/www.meqify.se\/wp-content\/uploads\/2021\/01\/fika-495x400.jpeg' class='lightbox ' data-onclick='2' title='fika'  itemprop=\"thumbnailUrl\"  ><img decoding=\"async\" class=\"wp-image-1012 avia-img-lazy-loading-not-1012\"   src=\"https:\/\/www.meqify.se\/wp-content\/uploads\/2021\/01\/fika-495x400.jpeg\" width=\"495\" height=\"400\"  title='fika' alt='' srcset=\"https:\/\/www.meqify.se\/wp-content\/uploads\/2021\/01\/fika-495x400.jpeg 495w, https:\/\/www.meqify.se\/wp-content\/uploads\/2021\/01\/fika-845x684.jpeg 845w\" sizes=\"(max-width: 495px) 100vw, 495px\" \/><\/a> <a href='https:\/\/www.meqify.se\/wp-content\/uploads\/2021\/01\/patrik-1030x687.jpeg' data-rel='gallery-1' data-prev-img='https:\/\/www.meqify.se\/wp-content\/uploads\/2021\/01\/patrik-495x400.jpeg' class='first_thumb lightbox ' data-onclick='3' title='patrik'  itemprop=\"thumbnailUrl\"  ><img decoding=\"async\" class=\"wp-image-1013 avia-img-lazy-loading-not-1013\"   src=\"https:\/\/www.meqify.se\/wp-content\/uploads\/2021\/01\/patrik-495x400.jpeg\" width=\"495\" height=\"400\"  title='patrik' alt='' srcset=\"https:\/\/www.meqify.se\/wp-content\/uploads\/2021\/01\/patrik-495x400.jpeg 495w, https:\/\/www.meqify.se\/wp-content\/uploads\/2021\/01\/patrik-845x684.jpeg 845w\" sizes=\"(max-width: 495px) 100vw, 495px\" \/><\/a> <a href='https:\/\/www.meqify.se\/wp-content\/uploads\/2021\/01\/Sven-1030x687.jpeg' data-rel='gallery-1' data-prev-img='https:\/\/www.meqify.se\/wp-content\/uploads\/2021\/01\/Sven-495x400.jpeg' class='lightbox ' data-onclick='4' title='Agile assesments'  itemprop=\"thumbnailUrl\"  ><img decoding=\"async\" class=\"wp-image-1014 avia-img-lazy-loading-not-1014\"  data-avia-tooltip='Agile assesments' src=\"https:\/\/www.meqify.se\/wp-content\/uploads\/2021\/01\/Sven-495x400.jpeg\" width=\"495\" height=\"400\"  title='Sven' alt='' srcset=\"https:\/\/www.meqify.se\/wp-content\/uploads\/2021\/01\/Sven-495x400.jpeg 495w, https:\/\/www.meqify.se\/wp-content\/uploads\/2021\/01\/Sven-845x684.jpeg 845w\" sizes=\"(max-width: 495px) 100vw, 495px\" \/><\/a> <a href='https:\/\/www.meqify.se\/wp-content\/uploads\/2021\/01\/Thomas-white-board-1030x687.jpeg' data-rel='gallery-1' data-prev-img='https:\/\/www.meqify.se\/wp-content\/uploads\/2021\/01\/Thomas-white-board-495x400.jpeg' class='first_thumb lightbox ' data-onclick='5' title='Thomas-white board'  itemprop=\"thumbnailUrl\"  ><img decoding=\"async\" class=\"wp-image-1015 avia-img-lazy-loading-not-1015\"   src=\"https:\/\/www.meqify.se\/wp-content\/uploads\/2021\/01\/Thomas-white-board-495x400.jpeg\" width=\"495\" height=\"400\"  title='Thomas-white board' alt='' srcset=\"https:\/\/www.meqify.se\/wp-content\/uploads\/2021\/01\/Thomas-white-board-495x400.jpeg 495w, https:\/\/www.meqify.se\/wp-content\/uploads\/2021\/01\/Thomas-white-board-845x684.jpeg 845w\" sizes=\"(max-width: 495px) 100vw, 495px\" \/><\/a> <a href='https:\/\/www.meqify.se\/wp-content\/uploads\/2021\/01\/woman-1030x687.jpeg' data-rel='gallery-1' data-prev-img='https:\/\/www.meqify.se\/wp-content\/uploads\/2021\/01\/woman-495x400.jpeg' class='lightbox ' data-onclick='6' title='Join us'  itemprop=\"thumbnailUrl\"  ><img decoding=\"async\" class=\"wp-image-1016 avia-img-lazy-loading-not-1016\"  data-avia-tooltip='Join us' src=\"https:\/\/www.meqify.se\/wp-content\/uploads\/2021\/01\/woman-495x400.jpeg\" width=\"495\" height=\"400\"  title='woman' alt='' srcset=\"https:\/\/www.meqify.se\/wp-content\/uploads\/2021\/01\/woman-495x400.jpeg 495w, https:\/\/www.meqify.se\/wp-content\/uploads\/2021\/01\/woman-845x684.jpeg 845w\" sizes=\"(max-width: 495px) 100vw, 495px\" \/><\/a><\/div><\/div><\/div><\/div><\/div><\/div><!-- close content main div --><\/div><div class='av-extra-border-element border-extra-arrow-down'><div class='av-extra-border-outer'><div class='av-extra-border-inner'  style='background-color:#e2f3f4;' ><\/div><\/div><\/div><\/div><div id='after_section_2'  class='main_color av_default_container_wrap container_wrap sidebar_right' style=' '  ><div class='container' ><div class='template-page content  av-content-small alpha units'><div class='post-entry post-entry-type-page post-entry-1191'><div class='entry-content-wrapper clearfix'>\n","protected":false},"excerpt":{"rendered":"","protected":false},"author":7,"featured_media":0,"parent":0,"menu_order":0,"comment_status":"open","ping_status":"closed","template":"","meta":{"content-type":"","footnotes":""},"class_list":["post-1191","page","type-page","status-publish","hentry"],"yoast_head":"<!-- This site is optimized with the Yoast SEO plugin v27.5 - https:\/\/yoast.com\/product\/yoast-seo-wordpress\/ -->\n<title>Om oss - MEQIFY<\/title>\n<meta name=\"robots\" content=\"index, follow, max-snippet:-1, max-image-preview:large, max-video-preview:-1\" \/>\n<link rel=\"canonical\" href=\"https:\/\/www.meqify.se\/sv\/om-oss\/\" \/>\n<meta property=\"og:locale\" content=\"sv_SE\" \/>\n<meta property=\"og:type\" content=\"article\" \/>\n<meta property=\"og:title\" content=\"Om oss - MEQIFY\" \/>\n<meta property=\"og:url\" content=\"https:\/\/www.meqify.se\/sv\/om-oss\/\" \/>\n<meta property=\"og:site_name\" content=\"MEQIFY\" \/>\n<meta property=\"article:publisher\" content=\"https:\/\/www.facebook.com\/meqify\/\" \/>\n<meta property=\"article:modified_time\" content=\"2021-03-14T11:38:53+00:00\" \/>\n<meta name=\"twitter:card\" content=\"summary_large_image\" \/>\n<meta name=\"twitter:label1\" content=\"Ber\u00e4knad l\u00e4stid\" \/>\n\t<meta name=\"twitter:data1\" content=\"3 minuter\" \/>\n<script type=\"application\/ld+json\" class=\"yoast-schema-graph\">{\"@context\":\"https:\\\/\\\/schema.org\",\"@graph\":[{\"@type\":\"WebPage\",\"@id\":\"https:\\\/\\\/www.meqify.se\\\/sv\\\/om-oss\\\/\",\"url\":\"https:\\\/\\\/www.meqify.se\\\/sv\\\/om-oss\\\/\",\"name\":\"Om oss - MEQIFY\",\"isPartOf\":{\"@id\":\"https:\\\/\\\/www.meqify.se\\\/#website\"},\"datePublished\":\"2021-02-14T09:28:27+00:00\",\"dateModified\":\"2021-03-14T11:38:53+00:00\",\"breadcrumb\":{\"@id\":\"https:\\\/\\\/www.meqify.se\\\/sv\\\/om-oss\\\/#breadcrumb\"},\"inLanguage\":\"sv-SE\",\"potentialAction\":[{\"@type\":\"ReadAction\",\"target\":[\"https:\\\/\\\/www.meqify.se\\\/sv\\\/om-oss\\\/\"]}]},{\"@type\":\"BreadcrumbList\",\"@id\":\"https:\\\/\\\/www.meqify.se\\\/sv\\\/om-oss\\\/#breadcrumb\",\"itemListElement\":[{\"@type\":\"ListItem\",\"position\":1,\"name\":\"Home\",\"item\":\"https:\\\/\\\/www.meqify.se\\\/sv\\\/hem-sv\\\/\"},{\"@type\":\"ListItem\",\"position\":2,\"name\":\"Om oss\"}]},{\"@type\":\"WebSite\",\"@id\":\"https:\\\/\\\/www.meqify.se\\\/#website\",\"url\":\"https:\\\/\\\/www.meqify.se\\\/\",\"name\":\"MEQIFY\",\"description\":\"We call it Agile!\",\"publisher\":{\"@id\":\"https:\\\/\\\/www.meqify.se\\\/#organization\"},\"potentialAction\":[{\"@type\":\"SearchAction\",\"target\":{\"@type\":\"EntryPoint\",\"urlTemplate\":\"https:\\\/\\\/www.meqify.se\\\/?s={search_term_string}\"},\"query-input\":{\"@type\":\"PropertyValueSpecification\",\"valueRequired\":true,\"valueName\":\"search_term_string\"}}],\"inLanguage\":\"sv-SE\"},{\"@type\":\"Organization\",\"@id\":\"https:\\\/\\\/www.meqify.se\\\/#organization\",\"name\":\"MEQIFY AB\",\"url\":\"https:\\\/\\\/www.meqify.se\\\/\",\"logo\":{\"@type\":\"ImageObject\",\"inLanguage\":\"sv-SE\",\"@id\":\"https:\\\/\\\/www.meqify.se\\\/#\\\/schema\\\/logo\\\/image\\\/\",\"url\":\"https:\\\/\\\/www.meqify.se\\\/wp-content\\\/uploads\\\/2020\\\/11\\\/173x50xMeqify_Green.png.pagespeed.ic_.n6GnB_wzB1.png\",\"contentUrl\":\"https:\\\/\\\/www.meqify.se\\\/wp-content\\\/uploads\\\/2020\\\/11\\\/173x50xMeqify_Green.png.pagespeed.ic_.n6GnB_wzB1.png\",\"width\":1496,\"height\":433,\"caption\":\"MEQIFY AB\"},\"image\":{\"@id\":\"https:\\\/\\\/www.meqify.se\\\/#\\\/schema\\\/logo\\\/image\\\/\"},\"sameAs\":[\"https:\\\/\\\/www.facebook.com\\\/meqify\\\/\",\"https:\\\/\\\/www.linkedin.com\\\/company\\\/meqify\\\/\"]}]}<\/script>\n<!-- \/ Yoast SEO plugin. -->","yoast_head_json":{"title":"Om oss - MEQIFY","robots":{"index":"index","follow":"follow","max-snippet":"max-snippet:-1","max-image-preview":"max-image-preview:large","max-video-preview":"max-video-preview:-1"},"canonical":"https:\/\/www.meqify.se\/sv\/om-oss\/","og_locale":"sv_SE","og_type":"article","og_title":"Om oss - MEQIFY","og_url":"https:\/\/www.meqify.se\/sv\/om-oss\/","og_site_name":"MEQIFY","article_publisher":"https:\/\/www.facebook.com\/meqify\/","article_modified_time":"2021-03-14T11:38:53+00:00","twitter_card":"summary_large_image","twitter_misc":{"Ber\u00e4knad l\u00e4stid":"3 minuter"},"schema":{"@context":"https:\/\/schema.org","@graph":[{"@type":"WebPage","@id":"https:\/\/www.meqify.se\/sv\/om-oss\/","url":"https:\/\/www.meqify.se\/sv\/om-oss\/","name":"Om oss - MEQIFY","isPartOf":{"@id":"https:\/\/www.meqify.se\/#website"},"datePublished":"2021-02-14T09:28:27+00:00","dateModified":"2021-03-14T11:38:53+00:00","breadcrumb":{"@id":"https:\/\/www.meqify.se\/sv\/om-oss\/#breadcrumb"},"inLanguage":"sv-SE","potentialAction":[{"@type":"ReadAction","target":["https:\/\/www.meqify.se\/sv\/om-oss\/"]}]},{"@type":"BreadcrumbList","@id":"https:\/\/www.meqify.se\/sv\/om-oss\/#breadcrumb","itemListElement":[{"@type":"ListItem","position":1,"name":"Home","item":"https:\/\/www.meqify.se\/sv\/hem-sv\/"},{"@type":"ListItem","position":2,"name":"Om oss"}]},{"@type":"WebSite","@id":"https:\/\/www.meqify.se\/#website","url":"https:\/\/www.meqify.se\/","name":"MEQIFY","description":"We call it Agile!","publisher":{"@id":"https:\/\/www.meqify.se\/#organization"},"potentialAction":[{"@type":"SearchAction","target":{"@type":"EntryPoint","urlTemplate":"https:\/\/www.meqify.se\/?s={search_term_string}"},"query-input":{"@type":"PropertyValueSpecification","valueRequired":true,"valueName":"search_term_string"}}],"inLanguage":"sv-SE"},{"@type":"Organization","@id":"https:\/\/www.meqify.se\/#organization","name":"MEQIFY AB","url":"https:\/\/www.meqify.se\/","logo":{"@type":"ImageObject","inLanguage":"sv-SE","@id":"https:\/\/www.meqify.se\/#\/schema\/logo\/image\/","url":"https:\/\/www.meqify.se\/wp-content\/uploads\/2020\/11\/173x50xMeqify_Green.png.pagespeed.ic_.n6GnB_wzB1.png","contentUrl":"https:\/\/www.meqify.se\/wp-content\/uploads\/2020\/11\/173x50xMeqify_Green.png.pagespeed.ic_.n6GnB_wzB1.png","width":1496,"height":433,"caption":"MEQIFY AB"},"image":{"@id":"https:\/\/www.meqify.se\/#\/schema\/logo\/image\/"},"sameAs":["https:\/\/www.facebook.com\/meqify\/","https:\/\/www.linkedin.com\/company\/meqify\/"]}]}},"_links":{"self":[{"href":"https:\/\/www.meqify.se\/sv\/wp-json\/wp\/v2\/pages\/1191","targetHints":{"allow":["GET"]}}],"collection":[{"href":"https:\/\/www.meqify.se\/sv\/wp-json\/wp\/v2\/pages"}],"about":[{"href":"https:\/\/www.meqify.se\/sv\/wp-json\/wp\/v2\/types\/page"}],"author":[{"embeddable":true,"href":"https:\/\/www.meqify.se\/sv\/wp-json\/wp\/v2\/users\/7"}],"replies":[{"embeddable":true,"href":"https:\/\/www.meqify.se\/sv\/wp-json\/wp\/v2\/comments?post=1191"}],"version-history":[{"count":4,"href":"https:\/\/www.meqify.se\/sv\/wp-json\/wp\/v2\/pages\/1191\/revisions"}],"predecessor-version":[{"id":1993,"href":"https:\/\/www.meqify.se\/sv\/wp-json\/wp\/v2\/pages\/1191\/revisions\/1993"}],"wp:attachment":[{"href":"https:\/\/www.meqify.se\/sv\/wp-json\/wp\/v2\/media?parent=1191"}],"curies":[{"name":"wp","href":"https:\/\/api.w.org\/{rel}","templated":true}]}}