{"id":2297,"date":"2022-11-22T09:06:17","date_gmt":"2022-11-22T09:06:17","guid":{"rendered":"https:\/\/www.meqify.se\/?page_id=2297"},"modified":"2022-12-12T08:11:27","modified_gmt":"2022-12-12T08:11:27","slug":"min-resa","status":"publish","type":"page","link":"https:\/\/www.meqify.se\/sv\/min-resa\/","title":{"rendered":"Min resa &#8211; ber\u00e4ttelser fr\u00e5n oss"},"content":{"rendered":"<div id='av_section_1'  class='avia-section main_color avia-section-no-padding avia-no-border-styling  avia-full-stretch av-section-color-overlay-active avia-bg-style-scroll  avia-builder-el-0  el_before_av_one_full  avia-builder-el-first   av-arrow-down-section av-minimum-height av-minimum-height-custom  container_wrap sidebar_right' style='background-color: #e2f3f4; background-repeat: no-repeat; background-image: url(https:\/\/www.meqify.se\/wp-content\/uploads\/2020\/12\/cogs-upside.png);background-attachment: scroll; background-position: top left;  '  data-section-bg-repeat='stretch'><div class='av-section-color-overlay-wrap'><div class='av-section-color-overlay' style='opacity: 0.4; background-color: #ffffff; '><\/div><div class='container' style='height:350px'><main  role=\"main\" itemprop=\"mainContentOfPage\"  class='template-page content  av-content-small alpha units'><div class='post-entry post-entry-type-page post-entry-2297'><div class='entry-content-wrapper clearfix'>\n<div  style='padding-bottom:40px; color:#0e3d5e;font-size:72px;' class='av-special-heading av-special-heading-h2 custom-color-heading blockquote modern-quote  avia-builder-el-1  avia-builder-el-no-sibling  av-inherit-size '><h2 class='av-special-heading-tag '  itemprop=\"headline\"  >Min resa<\/h2><div class ='av-subheading av-subheading_below av_custom_color ' style='font-size:20px;'><p>Ber\u00e4ttelser fr\u00e5n v\u00e5ra anst\u00e4llda<\/p>\n<\/div><div class='special-heading-border'><div class='special-heading-inner-border' style='border-color:#0e3d5e'><\/div><\/div><\/div>\n<\/div><\/div><\/main><!-- close content main element --><\/div><div class='av-extra-border-element border-extra-arrow-down'><div class='av-extra-border-outer'><div class='av-extra-border-inner'  style='background-color:#e2f3f4;' ><\/div><\/div><\/div><\/div><\/div><div id='after_section_1'  class='main_color av_default_container_wrap container_wrap sidebar_right' style=' '  ><div class='container' ><div class='template-page content  av-content-small alpha units'><div class='post-entry post-entry-type-page post-entry-2297'><div class='entry-content-wrapper clearfix'><div class=\"flex_column av_one_full  flex_column_div av-zero-column-padding first  avia-builder-el-2  el_after_av_section  avia-builder-el-no-sibling  \" style='border-radius:0px; '><div   data-autoplay=''  data-interval='5'  data-animation='fade'  data-show_slide_delay='90'  class='avia-content-slider avia-content-grid-active avia-content-slider1 avia-content-slider-even  avia-builder-el-3  avia-builder-el-no-sibling  '  itemscope=\"itemscope\" itemtype=\"https:\/\/schema.org\/Blog\" ><div class='avia-content-slider-inner'><div class='slide-entry-wrap'><article class='slide-entry flex_column  post-entry post-entry-2683 slide-entry-overview slide-loop-1 slide-parity-odd  av_one_half first real-thumbnail post-format-standard'  itemscope=\"itemscope\" itemtype=\"https:\/\/schema.org\/CreativeWork\" ><a href='https:\/\/www.meqify.se\/sv\/news-sv\/magnus-cangard-hur-jag-blev-scrum-master\/' data-rel='slide-1' class='slide-image' title='Magnus&#8217; resa'><img decoding=\"async\" width=\"997\" height=\"563\" src=\"https:\/\/www.meqify.se\/wp-content\/uploads\/2022\/12\/Magnus-Cangard-Web-1.jpg\" class=\"wp-image-2917 avia-img-lazy-loading-not-2917 attachment-no scaling size-no scaling wp-post-image\" alt=\"\" srcset=\"https:\/\/www.meqify.se\/wp-content\/uploads\/2022\/12\/Magnus-Cangard-Web-1.jpg 997w, https:\/\/www.meqify.se\/wp-content\/uploads\/2022\/12\/Magnus-Cangard-Web-1-300x169.jpg 300w, https:\/\/www.meqify.se\/wp-content\/uploads\/2022\/12\/Magnus-Cangard-Web-1-768x434.jpg 768w, https:\/\/www.meqify.se\/wp-content\/uploads\/2022\/12\/Magnus-Cangard-Web-1-705x398.jpg 705w\" sizes=\"(max-width: 997px) 100vw, 997px\" \/><\/a><div class='slide-content'><header class=\"entry-content-header\"><h3 class='slide-entry-title entry-title '  itemprop=\"headline\" ><a href='https:\/\/www.meqify.se\/sv\/news-sv\/magnus-cangard-hur-jag-blev-scrum-master\/' title='Magnus&#8217; resa'>Magnus&#8217; resa<\/a><\/h3><span class=\"av-vertical-delimiter\"><\/span><\/header><div class='slide-meta'><div class='slide-meta-comments'><a href='https:\/\/www.meqify.se\/sv\/news-sv\/magnus-cangard-hur-jag-blev-scrum-master\/#respond'>0 Kommentarer<\/a><\/div><div class='slide-meta-del'>\/<\/div><time class='slide-meta-time updated'  itemprop=\"datePublished\" datetime=\"2022-12-09T12:16:05+00:00\" >2022-12-09<\/time><\/div><div class='slide-entry-excerpt entry-content'  itemprop=\"text\" >Min historia om hur jag blev Scrum Master och Agil Coach p\u00e5 MEQIFY. Nu kan jag se tillbaka p\u00e5 en brant utvecklings-kurva som jag inte tror hade varit m\u00f6jlig vare sig som egenf\u00f6retagare eller anst\u00e4lld hos kund. Men \u00e4nnu intressantare \u00e4r att se fram\u00e5t och vara del av aglila landslaget och den resan som MEQIFY nu g\u00f6r! <\/div><\/div><footer class=\"entry-footer\"><\/footer><span class='hidden'>\n\t\t\t\t<span class='av-structured-data'  itemprop=\"image\" itemscope=\"itemscope\" itemtype=\"https:\/\/schema.org\/ImageObject\" >\n\t\t\t\t\t\t<span itemprop='url'>https:\/\/www.meqify.se\/wp-content\/uploads\/2022\/12\/Magnus-Cangard-Web-1.jpg<\/span>\n\t\t\t\t\t\t<span itemprop='height'>563<\/span>\n\t\t\t\t\t\t<span itemprop='width'>997<\/span>\n\t\t\t\t<\/span>\n\t\t\t\t<span class='av-structured-data'  itemprop=\"publisher\" itemtype=\"https:\/\/schema.org\/Organization\" itemscope=\"itemscope\" >\n\t\t\t\t\t\t<span itemprop='name'>Stefan Magnusson<\/span>\n\t\t\t\t\t\t<span itemprop='logo' itemscope itemtype='https:\/\/schema.org\/ImageObject'>\n\t\t\t\t\t\t\t<span itemprop='url'>https:\/\/www.meqify.se\/wp-content\/uploads\/2020\/11\/173x50xMeqify_Green.png.pagespeed.ic_.n6GnB_wzB1-300x87.png<\/span>\n\t\t\t\t\t\t <\/span>\n\t\t\t\t<\/span><span class='av-structured-data'  itemprop=\"author\" itemscope=\"itemscope\" itemtype=\"https:\/\/schema.org\/Person\" ><span itemprop='name'>Stefan Magnusson<\/span><\/span><span class='av-structured-data'  itemprop=\"datePublished\" datetime=\"2022-11-22T09:06:17+00:00\" >2022-12-09 12:16:05<\/span><span class='av-structured-data'  itemprop=\"dateModified\" itemtype=\"https:\/\/schema.org\/dateModified\" >2023-02-17 12:51:41<\/span><span class='av-structured-data'  itemprop=\"mainEntityOfPage\" itemtype=\"https:\/\/schema.org\/mainEntityOfPage\" ><span itemprop='name'>Magnus&#8217; resa<\/span><\/span><\/span><\/article><article class='slide-entry flex_column  post-entry post-entry-2363 slide-entry-overview slide-loop-2 slide-parity-even  av_one_half  real-thumbnail post-format-standard'  itemscope=\"itemscope\" itemtype=\"https:\/\/schema.org\/CreativeWork\" ><a href='https:\/\/www.meqify.se\/sv\/news-sv\/stefan-magnusson-hur-jag-borjade-med-agil-hardvaruutveckling\/' data-rel='slide-1' class='slide-image' title='Stefan&#8217;s resa'><img decoding=\"async\" width=\"930\" height=\"523\" src=\"https:\/\/www.meqify.se\/wp-content\/uploads\/2022\/11\/Stefan-Magnusson-Web-2.jpg\" class=\"wp-image-2910 avia-img-lazy-loading-not-2910 attachment-no scaling size-no scaling wp-post-image\" alt=\"\" srcset=\"https:\/\/www.meqify.se\/wp-content\/uploads\/2022\/11\/Stefan-Magnusson-Web-2.jpg 930w, https:\/\/www.meqify.se\/wp-content\/uploads\/2022\/11\/Stefan-Magnusson-Web-2-300x169.jpg 300w, https:\/\/www.meqify.se\/wp-content\/uploads\/2022\/11\/Stefan-Magnusson-Web-2-768x432.jpg 768w, https:\/\/www.meqify.se\/wp-content\/uploads\/2022\/11\/Stefan-Magnusson-Web-2-705x396.jpg 705w\" sizes=\"(max-width: 930px) 100vw, 930px\" \/><\/a><div class='slide-content'><header class=\"entry-content-header\"><h3 class='slide-entry-title entry-title '  itemprop=\"headline\" ><a href='https:\/\/www.meqify.se\/sv\/news-sv\/stefan-magnusson-hur-jag-borjade-med-agil-hardvaruutveckling\/' title='Stefan&#8217;s resa'>Stefan&#8217;s resa<\/a><\/h3><span class=\"av-vertical-delimiter\"><\/span><\/header><div class='slide-meta'><div class='slide-meta-comments'><a href='https:\/\/www.meqify.se\/sv\/news-sv\/stefan-magnusson-hur-jag-borjade-med-agil-hardvaruutveckling\/#respond'>0 Kommentarer<\/a><\/div><div class='slide-meta-del'>\/<\/div><time class='slide-meta-time updated'  itemprop=\"datePublished\" datetime=\"2022-11-22T09:01:56+00:00\" >2022-11-22<\/time><\/div><div class='slide-entry-excerpt entry-content'  itemprop=\"text\" >Min ber\u00e4ttelse om hur jag b\u00f6rjade med Agil H\u00e5rdvaruutveckling\r\n<\/div><\/div><footer class=\"entry-footer\"><\/footer><span class='hidden'>\n\t\t\t\t<span class='av-structured-data'  itemprop=\"image\" itemscope=\"itemscope\" itemtype=\"https:\/\/schema.org\/ImageObject\" >\n\t\t\t\t\t\t<span itemprop='url'>https:\/\/www.meqify.se\/wp-content\/uploads\/2022\/11\/Stefan-Magnusson-Web-2.jpg<\/span>\n\t\t\t\t\t\t<span itemprop='height'>523<\/span>\n\t\t\t\t\t\t<span itemprop='width'>930<\/span>\n\t\t\t\t<\/span>\n\t\t\t\t<span class='av-structured-data'  itemprop=\"publisher\" itemtype=\"https:\/\/schema.org\/Organization\" itemscope=\"itemscope\" >\n\t\t\t\t\t\t<span itemprop='name'>Stefan Magnusson<\/span>\n\t\t\t\t\t\t<span itemprop='logo' itemscope itemtype='https:\/\/schema.org\/ImageObject'>\n\t\t\t\t\t\t\t<span itemprop='url'>https:\/\/www.meqify.se\/wp-content\/uploads\/2020\/11\/173x50xMeqify_Green.png.pagespeed.ic_.n6GnB_wzB1-300x87.png<\/span>\n\t\t\t\t\t\t <\/span>\n\t\t\t\t<\/span><span class='av-structured-data'  itemprop=\"author\" itemscope=\"itemscope\" itemtype=\"https:\/\/schema.org\/Person\" ><span itemprop='name'>Stefan Magnusson<\/span><\/span><span class='av-structured-data'  itemprop=\"datePublished\" datetime=\"2022-11-22T09:06:17+00:00\" >2022-11-22 09:01:56<\/span><span class='av-structured-data'  itemprop=\"dateModified\" itemtype=\"https:\/\/schema.org\/dateModified\" >2023-02-17 12:53:53<\/span><span class='av-structured-data'  itemprop=\"mainEntityOfPage\" itemtype=\"https:\/\/schema.org\/mainEntityOfPage\" ><span itemprop='name'>Stefan&#8217;s resa<\/span><\/span><\/span><\/article><\/div><div class='slide-entry-wrap'><article class='slide-entry flex_column  post-entry post-entry-2025 slide-entry-overview slide-loop-3 slide-parity-odd  av_one_half first real-thumbnail post-format-standard'  itemscope=\"itemscope\" itemtype=\"https:\/\/schema.org\/CreativeWork\" ><a href='https:\/\/www.meqify.se\/sv\/news-sv\/hur-blev-jag-en-agil-coach\/' data-rel='slide-1' class='slide-image' title='Sophie&#8217;s resa'><img decoding=\"async\" width=\"932\" height=\"523\" src=\"https:\/\/www.meqify.se\/wp-content\/uploads\/2022\/11\/Sophie-Triggs-Ramm-Web-2.jpg\" class=\"wp-image-2914 avia-img-lazy-loading-not-2914 attachment-no scaling size-no scaling wp-post-image\" alt=\"\" srcset=\"https:\/\/www.meqify.se\/wp-content\/uploads\/2022\/11\/Sophie-Triggs-Ramm-Web-2.jpg 932w, https:\/\/www.meqify.se\/wp-content\/uploads\/2022\/11\/Sophie-Triggs-Ramm-Web-2-300x168.jpg 300w, https:\/\/www.meqify.se\/wp-content\/uploads\/2022\/11\/Sophie-Triggs-Ramm-Web-2-768x431.jpg 768w, https:\/\/www.meqify.se\/wp-content\/uploads\/2022\/11\/Sophie-Triggs-Ramm-Web-2-705x396.jpg 705w\" sizes=\"(max-width: 932px) 100vw, 932px\" \/><\/a><div class='slide-content'><header class=\"entry-content-header\"><h3 class='slide-entry-title entry-title '  itemprop=\"headline\" ><a href='https:\/\/www.meqify.se\/sv\/news-sv\/hur-blev-jag-en-agil-coach\/' title='Sophie&#8217;s resa'>Sophie&#8217;s resa<\/a><\/h3><span class=\"av-vertical-delimiter\"><\/span><\/header><div class='slide-meta'><div class='slide-meta-comments'><a href='https:\/\/www.meqify.se\/sv\/news-sv\/hur-blev-jag-en-agil-coach\/#respond'>0 Kommentarer<\/a><\/div><div class='slide-meta-del'>\/<\/div><time class='slide-meta-time updated'  itemprop=\"datePublished\" datetime=\"2022-11-01T13:43:25+00:00\" >2022-11-01<\/time><\/div><div class='slide-entry-excerpt entry-content'  itemprop=\"text\" >De d\u00e5liga nyheterna f\u00f6rst, det finns inte en tydlig v\u00e4g att bli Agil Coach. Fr\u00e5n min ber\u00e4ttelse kommer ni f\u00f6rst\u00e5 att det finns m\u00e5nga v\u00e4gar till att bli Agil coach eller Scrummaster. <\/div><\/div><footer class=\"entry-footer\"><\/footer><span class='hidden'>\n\t\t\t\t<span class='av-structured-data'  itemprop=\"image\" itemscope=\"itemscope\" itemtype=\"https:\/\/schema.org\/ImageObject\" >\n\t\t\t\t\t\t<span itemprop='url'>https:\/\/www.meqify.se\/wp-content\/uploads\/2022\/11\/Sophie-Triggs-Ramm-Web-2.jpg<\/span>\n\t\t\t\t\t\t<span itemprop='height'>523<\/span>\n\t\t\t\t\t\t<span itemprop='width'>932<\/span>\n\t\t\t\t<\/span>\n\t\t\t\t<span class='av-structured-data'  itemprop=\"publisher\" itemtype=\"https:\/\/schema.org\/Organization\" itemscope=\"itemscope\" >\n\t\t\t\t\t\t<span itemprop='name'>Sophie Triggs-Ramm<\/span>\n\t\t\t\t\t\t<span itemprop='logo' itemscope itemtype='https:\/\/schema.org\/ImageObject'>\n\t\t\t\t\t\t\t<span itemprop='url'>https:\/\/www.meqify.se\/wp-content\/uploads\/2020\/11\/173x50xMeqify_Green.png.pagespeed.ic_.n6GnB_wzB1-300x87.png<\/span>\n\t\t\t\t\t\t <\/span>\n\t\t\t\t<\/span><span class='av-structured-data'  itemprop=\"author\" itemscope=\"itemscope\" itemtype=\"https:\/\/schema.org\/Person\" ><span itemprop='name'>Sophie Triggs-Ramm<\/span><\/span><span class='av-structured-data'  itemprop=\"datePublished\" datetime=\"2022-11-22T09:06:17+00:00\" >2022-11-01 13:43:25<\/span><span class='av-structured-data'  itemprop=\"dateModified\" itemtype=\"https:\/\/schema.org\/dateModified\" >2023-02-17 12:53:15<\/span><span class='av-structured-data'  itemprop=\"mainEntityOfPage\" itemtype=\"https:\/\/schema.org\/mainEntityOfPage\" ><span itemprop='name'>Sophie&#8217;s resa<\/span><\/span><\/span><\/article><article class='slide-entry flex_column  post-entry post-entry-1862 slide-entry-overview slide-loop-4 slide-parity-even  post-entry-last  av_one_half  real-thumbnail post-format-standard'  itemscope=\"itemscope\" itemtype=\"https:\/\/schema.org\/CreativeWork\" ><a href='https:\/\/www.meqify.se\/sv\/news-sv\/svens-agile-journey-at-ericsson\/' data-rel='slide-1' class='slide-image' title='Sven&#8217;s resa'><img decoding=\"async\" width=\"929\" height=\"521\" src=\"https:\/\/www.meqify.se\/wp-content\/uploads\/2022\/02\/Sven-Carlstedt-Web-1.jpg\" class=\"wp-image-2921 avia-img-lazy-loading-not-2921 attachment-no scaling size-no scaling wp-post-image\" alt=\"\" srcset=\"https:\/\/www.meqify.se\/wp-content\/uploads\/2022\/02\/Sven-Carlstedt-Web-1.jpg 929w, https:\/\/www.meqify.se\/wp-content\/uploads\/2022\/02\/Sven-Carlstedt-Web-1-300x168.jpg 300w, https:\/\/www.meqify.se\/wp-content\/uploads\/2022\/02\/Sven-Carlstedt-Web-1-768x431.jpg 768w, https:\/\/www.meqify.se\/wp-content\/uploads\/2022\/02\/Sven-Carlstedt-Web-1-705x395.jpg 705w\" sizes=\"(max-width: 929px) 100vw, 929px\" \/><\/a><div class='slide-content'><header class=\"entry-content-header\"><h3 class='slide-entry-title entry-title '  itemprop=\"headline\" ><a href='https:\/\/www.meqify.se\/sv\/news-sv\/svens-agile-journey-at-ericsson\/' title='Sven&#8217;s resa'>Sven&#8217;s resa<\/a><\/h3><span class=\"av-vertical-delimiter\"><\/span><\/header><div class='slide-meta'><div class='slide-meta-comments'><a href='https:\/\/www.meqify.se\/sv\/news-sv\/svens-agile-journey-at-ericsson\/#respond'>0 Kommentarer<\/a><\/div><div class='slide-meta-del'>\/<\/div><time class='slide-meta-time updated'  itemprop=\"datePublished\" datetime=\"2022-02-21T09:40:01+00:00\" >2022-02-21<\/time><\/div><div class='slide-entry-excerpt entry-content'  itemprop=\"text\" >This is Sven's story about his agile journey at Ericsson: There we were in 2006: hundreds of software engineers at Ericsson, entering unknown territory. We didn\u2019t have any maps, but we had our battle cry: \u201cLet\u2019s run some projects!\u201d, and an insatiable market. Our normal way of navigating couldn\u2019t help us here. Instead, it was like our na\u00efvety and unexperience actually facilitated a solution!<\/div><\/div><footer class=\"entry-footer\"><\/footer><span class='hidden'>\n\t\t\t\t<span class='av-structured-data'  itemprop=\"image\" itemscope=\"itemscope\" itemtype=\"https:\/\/schema.org\/ImageObject\" >\n\t\t\t\t\t\t<span itemprop='url'>https:\/\/www.meqify.se\/wp-content\/uploads\/2022\/02\/Sven-Carlstedt-Web-1.jpg<\/span>\n\t\t\t\t\t\t<span itemprop='height'>521<\/span>\n\t\t\t\t\t\t<span itemprop='width'>929<\/span>\n\t\t\t\t<\/span>\n\t\t\t\t<span class='av-structured-data'  itemprop=\"publisher\" itemtype=\"https:\/\/schema.org\/Organization\" itemscope=\"itemscope\" >\n\t\t\t\t\t\t<span itemprop='name'>Thomas Mattsson<\/span>\n\t\t\t\t\t\t<span itemprop='logo' itemscope itemtype='https:\/\/schema.org\/ImageObject'>\n\t\t\t\t\t\t\t<span itemprop='url'>https:\/\/www.meqify.se\/wp-content\/uploads\/2020\/11\/173x50xMeqify_Green.png.pagespeed.ic_.n6GnB_wzB1-300x87.png<\/span>\n\t\t\t\t\t\t <\/span>\n\t\t\t\t<\/span><span class='av-structured-data'  itemprop=\"author\" itemscope=\"itemscope\" itemtype=\"https:\/\/schema.org\/Person\" ><span itemprop='name'>Thomas Mattsson<\/span><\/span><span class='av-structured-data'  itemprop=\"datePublished\" datetime=\"2022-11-22T09:06:17+00:00\" >2022-02-21 09:40:01<\/span><span class='av-structured-data'  itemprop=\"dateModified\" itemtype=\"https:\/\/schema.org\/dateModified\" >2023-02-17 12:57:11<\/span><span class='av-structured-data'  itemprop=\"mainEntityOfPage\" itemtype=\"https:\/\/schema.org\/mainEntityOfPage\" ><span itemprop='name'>Sven&#8217;s resa<\/span><\/span><\/span><\/article><\/div><\/div><\/div><\/div><\/p>\n","protected":false},"excerpt":{"rendered":"","protected":false},"author":4,"featured_media":0,"parent":0,"menu_order":0,"comment_status":"open","ping_status":"closed","template":"","meta":{"content-type":"","footnotes":""},"class_list":["post-2297","page","type-page","status-publish","hentry"],"yoast_head":"<!-- This site is optimized with the Yoast SEO plugin v27.5 - https:\/\/yoast.com\/product\/yoast-seo-wordpress\/ -->\n<title>Min resa - ber\u00e4ttelser fr\u00e5n oss - MEQIFY<\/title>\n<meta name=\"description\" content=\"Ber\u00e4ttelser fr\u00e5n v\u00e5ra anst\u00e4llda om v\u00e4gen till att de b\u00f6rjade MEQIFY.\" \/>\n<meta name=\"robots\" content=\"index, follow, max-snippet:-1, max-image-preview:large, max-video-preview:-1\" \/>\n<link rel=\"canonical\" href=\"https:\/\/www.meqify.se\/sv\/min-resa\/\" \/>\n<meta property=\"og:locale\" content=\"sv_SE\" \/>\n<meta property=\"og:type\" content=\"article\" \/>\n<meta property=\"og:title\" content=\"Min resa - ber\u00e4ttelser fr\u00e5n oss - MEQIFY\" \/>\n<meta property=\"og:description\" content=\"Ber\u00e4ttelser fr\u00e5n v\u00e5ra anst\u00e4llda om v\u00e4gen till att de b\u00f6rjade MEQIFY.\" \/>\n<meta property=\"og:url\" content=\"https:\/\/www.meqify.se\/sv\/min-resa\/\" \/>\n<meta property=\"og:site_name\" content=\"MEQIFY\" \/>\n<meta property=\"article:publisher\" content=\"https:\/\/www.facebook.com\/meqify\/\" \/>\n<meta property=\"article:modified_time\" content=\"2022-12-12T08:11:27+00:00\" \/>\n<meta name=\"twitter:card\" content=\"summary_large_image\" \/>\n<meta name=\"twitter:label1\" content=\"Ber\u00e4knad l\u00e4stid\" \/>\n\t<meta name=\"twitter:data1\" content=\"2 minuter\" \/>\n<script type=\"application\/ld+json\" class=\"yoast-schema-graph\">{\"@context\":\"https:\\\/\\\/schema.org\",\"@graph\":[{\"@type\":\"WebPage\",\"@id\":\"https:\\\/\\\/www.meqify.se\\\/sv\\\/min-resa\\\/\",\"url\":\"https:\\\/\\\/www.meqify.se\\\/sv\\\/min-resa\\\/\",\"name\":\"Min resa - ber\u00e4ttelser fr\u00e5n oss - MEQIFY\",\"isPartOf\":{\"@id\":\"https:\\\/\\\/www.meqify.se\\\/#website\"},\"datePublished\":\"2022-11-22T09:06:17+00:00\",\"dateModified\":\"2022-12-12T08:11:27+00:00\",\"description\":\"Ber\u00e4ttelser fr\u00e5n v\u00e5ra anst\u00e4llda om v\u00e4gen till att de b\u00f6rjade MEQIFY.\",\"breadcrumb\":{\"@id\":\"https:\\\/\\\/www.meqify.se\\\/sv\\\/min-resa\\\/#breadcrumb\"},\"inLanguage\":\"sv-SE\",\"potentialAction\":[{\"@type\":\"ReadAction\",\"target\":[\"https:\\\/\\\/www.meqify.se\\\/sv\\\/min-resa\\\/\"]}]},{\"@type\":\"BreadcrumbList\",\"@id\":\"https:\\\/\\\/www.meqify.se\\\/sv\\\/min-resa\\\/#breadcrumb\",\"itemListElement\":[{\"@type\":\"ListItem\",\"position\":1,\"name\":\"Home\",\"item\":\"https:\\\/\\\/www.meqify.se\\\/sv\\\/hem-sv\\\/\"},{\"@type\":\"ListItem\",\"position\":2,\"name\":\"Min resa &#8211; ber\u00e4ttelser fr\u00e5n oss\"}]},{\"@type\":\"WebSite\",\"@id\":\"https:\\\/\\\/www.meqify.se\\\/#website\",\"url\":\"https:\\\/\\\/www.meqify.se\\\/\",\"name\":\"MEQIFY\",\"description\":\"We call it Agile!\",\"publisher\":{\"@id\":\"https:\\\/\\\/www.meqify.se\\\/#organization\"},\"potentialAction\":[{\"@type\":\"SearchAction\",\"target\":{\"@type\":\"EntryPoint\",\"urlTemplate\":\"https:\\\/\\\/www.meqify.se\\\/?s={search_term_string}\"},\"query-input\":{\"@type\":\"PropertyValueSpecification\",\"valueRequired\":true,\"valueName\":\"search_term_string\"}}],\"inLanguage\":\"sv-SE\"},{\"@type\":\"Organization\",\"@id\":\"https:\\\/\\\/www.meqify.se\\\/#organization\",\"name\":\"MEQIFY AB\",\"url\":\"https:\\\/\\\/www.meqify.se\\\/\",\"logo\":{\"@type\":\"ImageObject\",\"inLanguage\":\"sv-SE\",\"@id\":\"https:\\\/\\\/www.meqify.se\\\/#\\\/schema\\\/logo\\\/image\\\/\",\"url\":\"https:\\\/\\\/www.meqify.se\\\/wp-content\\\/uploads\\\/2020\\\/11\\\/173x50xMeqify_Green.png.pagespeed.ic_.n6GnB_wzB1.png\",\"contentUrl\":\"https:\\\/\\\/www.meqify.se\\\/wp-content\\\/uploads\\\/2020\\\/11\\\/173x50xMeqify_Green.png.pagespeed.ic_.n6GnB_wzB1.png\",\"width\":1496,\"height\":433,\"caption\":\"MEQIFY AB\"},\"image\":{\"@id\":\"https:\\\/\\\/www.meqify.se\\\/#\\\/schema\\\/logo\\\/image\\\/\"},\"sameAs\":[\"https:\\\/\\\/www.facebook.com\\\/meqify\\\/\",\"https:\\\/\\\/www.linkedin.com\\\/company\\\/meqify\\\/\"]}]}<\/script>\n<!-- \/ Yoast SEO plugin. -->","yoast_head_json":{"title":"Min resa - ber\u00e4ttelser fr\u00e5n oss - MEQIFY","description":"Ber\u00e4ttelser fr\u00e5n v\u00e5ra anst\u00e4llda om v\u00e4gen till att de b\u00f6rjade MEQIFY.","robots":{"index":"index","follow":"follow","max-snippet":"max-snippet:-1","max-image-preview":"max-image-preview:large","max-video-preview":"max-video-preview:-1"},"canonical":"https:\/\/www.meqify.se\/sv\/min-resa\/","og_locale":"sv_SE","og_type":"article","og_title":"Min resa - ber\u00e4ttelser fr\u00e5n oss - MEQIFY","og_description":"Ber\u00e4ttelser fr\u00e5n v\u00e5ra anst\u00e4llda om v\u00e4gen till att de b\u00f6rjade MEQIFY.","og_url":"https:\/\/www.meqify.se\/sv\/min-resa\/","og_site_name":"MEQIFY","article_publisher":"https:\/\/www.facebook.com\/meqify\/","article_modified_time":"2022-12-12T08:11:27+00:00","twitter_card":"summary_large_image","twitter_misc":{"Ber\u00e4knad l\u00e4stid":"2 minuter"},"schema":{"@context":"https:\/\/schema.org","@graph":[{"@type":"WebPage","@id":"https:\/\/www.meqify.se\/sv\/min-resa\/","url":"https:\/\/www.meqify.se\/sv\/min-resa\/","name":"Min resa - ber\u00e4ttelser fr\u00e5n oss - MEQIFY","isPartOf":{"@id":"https:\/\/www.meqify.se\/#website"},"datePublished":"2022-11-22T09:06:17+00:00","dateModified":"2022-12-12T08:11:27+00:00","description":"Ber\u00e4ttelser fr\u00e5n v\u00e5ra anst\u00e4llda om v\u00e4gen till att de b\u00f6rjade MEQIFY.","breadcrumb":{"@id":"https:\/\/www.meqify.se\/sv\/min-resa\/#breadcrumb"},"inLanguage":"sv-SE","potentialAction":[{"@type":"ReadAction","target":["https:\/\/www.meqify.se\/sv\/min-resa\/"]}]},{"@type":"BreadcrumbList","@id":"https:\/\/www.meqify.se\/sv\/min-resa\/#breadcrumb","itemListElement":[{"@type":"ListItem","position":1,"name":"Home","item":"https:\/\/www.meqify.se\/sv\/hem-sv\/"},{"@type":"ListItem","position":2,"name":"Min resa &#8211; ber\u00e4ttelser fr\u00e5n oss"}]},{"@type":"WebSite","@id":"https:\/\/www.meqify.se\/#website","url":"https:\/\/www.meqify.se\/","name":"MEQIFY","description":"We call it Agile!","publisher":{"@id":"https:\/\/www.meqify.se\/#organization"},"potentialAction":[{"@type":"SearchAction","target":{"@type":"EntryPoint","urlTemplate":"https:\/\/www.meqify.se\/?s={search_term_string}"},"query-input":{"@type":"PropertyValueSpecification","valueRequired":true,"valueName":"search_term_string"}}],"inLanguage":"sv-SE"},{"@type":"Organization","@id":"https:\/\/www.meqify.se\/#organization","name":"MEQIFY AB","url":"https:\/\/www.meqify.se\/","logo":{"@type":"ImageObject","inLanguage":"sv-SE","@id":"https:\/\/www.meqify.se\/#\/schema\/logo\/image\/","url":"https:\/\/www.meqify.se\/wp-content\/uploads\/2020\/11\/173x50xMeqify_Green.png.pagespeed.ic_.n6GnB_wzB1.png","contentUrl":"https:\/\/www.meqify.se\/wp-content\/uploads\/2020\/11\/173x50xMeqify_Green.png.pagespeed.ic_.n6GnB_wzB1.png","width":1496,"height":433,"caption":"MEQIFY AB"},"image":{"@id":"https:\/\/www.meqify.se\/#\/schema\/logo\/image\/"},"sameAs":["https:\/\/www.facebook.com\/meqify\/","https:\/\/www.linkedin.com\/company\/meqify\/"]}]}},"_links":{"self":[{"href":"https:\/\/www.meqify.se\/sv\/wp-json\/wp\/v2\/pages\/2297","targetHints":{"allow":["GET"]}}],"collection":[{"href":"https:\/\/www.meqify.se\/sv\/wp-json\/wp\/v2\/pages"}],"about":[{"href":"https:\/\/www.meqify.se\/sv\/wp-json\/wp\/v2\/types\/page"}],"author":[{"embeddable":true,"href":"https:\/\/www.meqify.se\/sv\/wp-json\/wp\/v2\/users\/4"}],"replies":[{"embeddable":true,"href":"https:\/\/www.meqify.se\/sv\/wp-json\/wp\/v2\/comments?post=2297"}],"version-history":[{"count":3,"href":"https:\/\/www.meqify.se\/sv\/wp-json\/wp\/v2\/pages\/2297\/revisions"}],"predecessor-version":[{"id":3442,"href":"https:\/\/www.meqify.se\/sv\/wp-json\/wp\/v2\/pages\/2297\/revisions\/3442"}],"wp:attachment":[{"href":"https:\/\/www.meqify.se\/sv\/wp-json\/wp\/v2\/media?parent=2297"}],"curies":[{"name":"wp","href":"https:\/\/api.w.org\/{rel}","templated":true}]}}