{"id":2302,"date":"2022-11-22T09:03:28","date_gmt":"2022-11-22T09:03:28","guid":{"rendered":"https:\/\/www.meqify.se\/?page_id=2302"},"modified":"2022-12-12T08:18:05","modified_gmt":"2022-12-12T08:18:05","slug":"artiklar-agile-scrum","status":"publish","type":"page","link":"https:\/\/www.meqify.se\/sv\/artiklar-agile-scrum\/","title":{"rendered":"Artiklar om agilt och scrum"},"content":{"rendered":"<div id='av_section_1'  class='avia-section main_color avia-section-no-padding avia-no-border-styling  avia-full-stretch av-section-color-overlay-active avia-bg-style-scroll  avia-builder-el-0  el_before_av_one_full  avia-builder-el-first   av-arrow-down-section av-minimum-height av-minimum-height-custom  container_wrap sidebar_right' style='background-color: #e2f3f4; background-repeat: no-repeat; background-image: url(https:\/\/www.meqify.se\/wp-content\/uploads\/2022\/11\/Articles-300x157.png);background-attachment: scroll; background-position: top left;  '  data-section-bg-repeat='stretch'><div class='av-section-color-overlay-wrap'><div class='av-section-color-overlay' style='opacity: 0.4; background-color: #ffffff; '><\/div><div class='container' style='height:350px'><main  role=\"main\" itemprop=\"mainContentOfPage\"  class='template-page content  av-content-small alpha units'><div class='post-entry post-entry-type-page post-entry-2302'><div class='entry-content-wrapper clearfix'>\n<div  style='padding-bottom:40px; color:#0e3d5e;font-size:72px;' class='av-special-heading av-special-heading-h2 custom-color-heading blockquote modern-quote  avia-builder-el-1  avia-builder-el-no-sibling  av-inherit-size '><h2 class='av-special-heading-tag '  itemprop=\"headline\"  >Artiklar<\/h2><div class ='av-subheading av-subheading_below av_custom_color ' style='font-size:20px;'><p>V\u00e5ra anst\u00e4llda delar l\u00e4rdomar och g\u00e5r p\u00e5 djupet inom agilt och scrum.<\/p>\n<\/div><div class='special-heading-border'><div class='special-heading-inner-border' style='border-color:#0e3d5e'><\/div><\/div><\/div>\n<\/div><\/div><\/main><!-- close content main element --><\/div><div class='av-extra-border-element border-extra-arrow-down'><div class='av-extra-border-outer'><div class='av-extra-border-inner'  style='background-color:#e2f3f4;' ><\/div><\/div><\/div><\/div><\/div><div id='after_section_1'  class='main_color av_default_container_wrap container_wrap sidebar_right' style=' '  ><div class='container' ><div class='template-page content  av-content-small alpha units'><div class='post-entry post-entry-type-page post-entry-2302'><div class='entry-content-wrapper clearfix'><div class=\"flex_column av_one_full  flex_column_div av-zero-column-padding first  avia-builder-el-2  el_after_av_section  avia-builder-el-no-sibling  \" style='border-radius:0px; '><div   data-autoplay=''  data-interval='5'  data-animation='fade'  data-show_slide_delay='90'  class='avia-content-slider avia-content-grid-active avia-content-slider1 avia-content-slider-even  avia-builder-el-3  avia-builder-el-no-sibling  '  itemscope=\"itemscope\" itemtype=\"https:\/\/schema.org\/Blog\" ><div class='avia-content-slider-inner'><div class='slide-entry-wrap'><article class='slide-entry flex_column  post-entry post-entry-2130 slide-entry-overview slide-loop-1 slide-parity-odd  av_one_half first real-thumbnail post-format-standard'  itemscope=\"itemscope\" itemtype=\"https:\/\/schema.org\/CreativeWork\" ><a href='https:\/\/www.meqify.se\/sv\/stories-from-meqify-sv\/create-a-community-of-practice\/' data-rel='slide-1' class='slide-image' title='Create a community of practice for a better workplace'><img decoding=\"async\" width=\"1280\" height=\"720\" src=\"https:\/\/www.meqify.se\/wp-content\/uploads\/2022\/03\/Community-of-practice.jpg\" class=\"wp-image-2131 avia-img-lazy-loading-not-2131 attachment-no scaling size-no scaling wp-post-image\" alt=\"\" srcset=\"https:\/\/www.meqify.se\/wp-content\/uploads\/2022\/03\/Community-of-practice.jpg 1280w, https:\/\/www.meqify.se\/wp-content\/uploads\/2022\/03\/Community-of-practice-300x169.jpg 300w, https:\/\/www.meqify.se\/wp-content\/uploads\/2022\/03\/Community-of-practice-1030x579.jpg 1030w, https:\/\/www.meqify.se\/wp-content\/uploads\/2022\/03\/Community-of-practice-768x432.jpg 768w, https:\/\/www.meqify.se\/wp-content\/uploads\/2022\/03\/Community-of-practice-705x397.jpg 705w\" sizes=\"(max-width: 1280px) 100vw, 1280px\" \/><\/a><div class='slide-content'><header class=\"entry-content-header\"><h3 class='slide-entry-title entry-title '  itemprop=\"headline\" ><a href='https:\/\/www.meqify.se\/sv\/stories-from-meqify-sv\/create-a-community-of-practice\/' title='Create a community of practice for a better workplace'>Create a community of practice for a better workplace<\/a><\/h3><span class=\"av-vertical-delimiter\"><\/span><\/header><div class='slide-meta'><div class='slide-meta-comments'><a href='https:\/\/www.meqify.se\/sv\/stories-from-meqify-sv\/create-a-community-of-practice\/#respond'>0 Kommentarer<\/a><\/div><div class='slide-meta-del'>\/<\/div><time class='slide-meta-time updated'  itemprop=\"datePublished\" datetime=\"2022-04-07T10:54:14+00:00\" >2022-04-07<\/time><\/div><div class='slide-entry-excerpt entry-content'  itemprop=\"text\" >A community of practice brings together people in an organisation to share knowledge. Here we share our knowledge and explore a first-hand experience establishing a successful Agile delivery community of practice. If you are wondering how one might help you and how you might create one, read on.<\/div><\/div><footer class=\"entry-footer\"><\/footer><span class='hidden'>\n\t\t\t\t<span class='av-structured-data'  itemprop=\"image\" itemscope=\"itemscope\" itemtype=\"https:\/\/schema.org\/ImageObject\" >\n\t\t\t\t\t\t<span itemprop='url'>https:\/\/www.meqify.se\/wp-content\/uploads\/2022\/03\/Community-of-practice.jpg<\/span>\n\t\t\t\t\t\t<span itemprop='height'>720<\/span>\n\t\t\t\t\t\t<span itemprop='width'>1280<\/span>\n\t\t\t\t<\/span>\n\t\t\t\t<span class='av-structured-data'  itemprop=\"publisher\" itemtype=\"https:\/\/schema.org\/Organization\" itemscope=\"itemscope\" >\n\t\t\t\t\t\t<span itemprop='name'>Sophie Triggs-Ramm<\/span>\n\t\t\t\t\t\t<span itemprop='logo' itemscope itemtype='https:\/\/schema.org\/ImageObject'>\n\t\t\t\t\t\t\t<span itemprop='url'>https:\/\/www.meqify.se\/wp-content\/uploads\/2020\/11\/173x50xMeqify_Green.png.pagespeed.ic_.n6GnB_wzB1-300x87.png<\/span>\n\t\t\t\t\t\t <\/span>\n\t\t\t\t<\/span><span class='av-structured-data'  itemprop=\"author\" itemscope=\"itemscope\" itemtype=\"https:\/\/schema.org\/Person\" ><span itemprop='name'>Sophie Triggs-Ramm<\/span><\/span><span class='av-structured-data'  itemprop=\"datePublished\" datetime=\"2022-11-22T09:03:28+00:00\" >2022-04-07 10:54:14<\/span><span class='av-structured-data'  itemprop=\"dateModified\" itemtype=\"https:\/\/schema.org\/dateModified\" >2022-11-11 07:00:14<\/span><span class='av-structured-data'  itemprop=\"mainEntityOfPage\" itemtype=\"https:\/\/schema.org\/mainEntityOfPage\" ><span itemprop='name'>Create a community of practice for a better workplace<\/span><\/span><\/span><\/article><article class='slide-entry flex_column  post-entry post-entry-2462 slide-entry-overview slide-loop-2 slide-parity-even  post-entry-last  av_one_half  real-thumbnail post-format-standard'  itemscope=\"itemscope\" itemtype=\"https:\/\/schema.org\/CreativeWork\" ><a href='https:\/\/www.meqify.se\/sv\/news-sv\/the-scrum-guide-2020-vs-2017-comparison\/' data-rel='slide-1' class='slide-image' title='The Scrum guide 2020 vs 2017 comparison from a Hardware perspective'><img decoding=\"async\" width=\"1200\" height=\"628\" src=\"https:\/\/www.meqify.se\/wp-content\/uploads\/2021\/02\/scrum-guide-2020-vs-2017.jpg\" class=\"wp-image-2464 avia-img-lazy-loading-not-2464 attachment-no scaling size-no scaling wp-post-image\" alt=\"\" srcset=\"https:\/\/www.meqify.se\/wp-content\/uploads\/2021\/02\/scrum-guide-2020-vs-2017.jpg 1200w, https:\/\/www.meqify.se\/wp-content\/uploads\/2021\/02\/scrum-guide-2020-vs-2017-300x157.jpg 300w, https:\/\/www.meqify.se\/wp-content\/uploads\/2021\/02\/scrum-guide-2020-vs-2017-1030x539.jpg 1030w, https:\/\/www.meqify.se\/wp-content\/uploads\/2021\/02\/scrum-guide-2020-vs-2017-768x402.jpg 768w, https:\/\/www.meqify.se\/wp-content\/uploads\/2021\/02\/scrum-guide-2020-vs-2017-705x369.jpg 705w\" sizes=\"(max-width: 1200px) 100vw, 1200px\" \/><\/a><div class='slide-content'><header class=\"entry-content-header\"><h3 class='slide-entry-title entry-title '  itemprop=\"headline\" ><a href='https:\/\/www.meqify.se\/sv\/news-sv\/the-scrum-guide-2020-vs-2017-comparison\/' title='The Scrum guide 2020 vs 2017 comparison from a Hardware perspective'>The Scrum guide 2020 vs 2017 comparison from a Hardware perspective<\/a><\/h3><span class=\"av-vertical-delimiter\"><\/span><\/header><div class='slide-meta'><div class='slide-meta-comments'><a href='https:\/\/www.meqify.se\/sv\/news-sv\/the-scrum-guide-2020-vs-2017-comparison\/#respond'>0 Kommentarer<\/a><\/div><div class='slide-meta-del'>\/<\/div><time class='slide-meta-time updated'  itemprop=\"datePublished\" datetime=\"2021-01-10T16:11:45+00:00\" >2021-01-10<\/time><\/div><div class='slide-entry-excerpt entry-content'  itemprop=\"text\" >Since chapters has changed and been moved its hard to understand what has been updated. We made this side by side comparion based on the 2020-version with their 2017 counterparts.\r\nWe will in this series analyze how this impacts Hardware companies.<\/div><\/div><footer class=\"entry-footer\"><\/footer><span class='hidden'>\n\t\t\t\t<span class='av-structured-data'  itemprop=\"image\" itemscope=\"itemscope\" itemtype=\"https:\/\/schema.org\/ImageObject\" >\n\t\t\t\t\t\t<span itemprop='url'>https:\/\/www.meqify.se\/wp-content\/uploads\/2021\/02\/scrum-guide-2020-vs-2017.jpg<\/span>\n\t\t\t\t\t\t<span itemprop='height'>628<\/span>\n\t\t\t\t\t\t<span itemprop='width'>1200<\/span>\n\t\t\t\t<\/span>\n\t\t\t\t<span class='av-structured-data'  itemprop=\"publisher\" itemtype=\"https:\/\/schema.org\/Organization\" itemscope=\"itemscope\" >\n\t\t\t\t\t\t<span itemprop='name'>MEQIFY_admin<\/span>\n\t\t\t\t\t\t<span itemprop='logo' itemscope itemtype='https:\/\/schema.org\/ImageObject'>\n\t\t\t\t\t\t\t<span itemprop='url'>https:\/\/www.meqify.se\/wp-content\/uploads\/2020\/11\/173x50xMeqify_Green.png.pagespeed.ic_.n6GnB_wzB1-300x87.png<\/span>\n\t\t\t\t\t\t <\/span>\n\t\t\t\t<\/span><span class='av-structured-data'  itemprop=\"author\" itemscope=\"itemscope\" itemtype=\"https:\/\/schema.org\/Person\" ><span itemprop='name'>MEQIFY_admin<\/span><\/span><span class='av-structured-data'  itemprop=\"datePublished\" datetime=\"2022-11-22T09:03:28+00:00\" >2021-01-10 16:11:45<\/span><span class='av-structured-data'  itemprop=\"dateModified\" itemtype=\"https:\/\/schema.org\/dateModified\" >2021-01-10 16:11:45<\/span><span class='av-structured-data'  itemprop=\"mainEntityOfPage\" itemtype=\"https:\/\/schema.org\/mainEntityOfPage\" ><span itemprop='name'>The Scrum guide 2020 vs 2017 comparison from a Hardware perspective<\/span><\/span><\/span><\/article><\/div><\/div><\/div><\/div><\/p>\n","protected":false},"excerpt":{"rendered":"","protected":false},"author":4,"featured_media":0,"parent":0,"menu_order":0,"comment_status":"open","ping_status":"closed","template":"","meta":{"content-type":"","footnotes":""},"class_list":["post-2302","page","type-page","status-publish","hentry"],"yoast_head":"<!-- This site is optimized with the Yoast SEO plugin v27.5 - https:\/\/yoast.com\/product\/yoast-seo-wordpress\/ -->\n<title>Artiklar om agilt och scrum - MEQIFY<\/title>\n<meta name=\"description\" content=\"V\u00e5ra anst\u00e4llda delar l\u00e4rdomar och g\u00e5r p\u00e5 djupet inom agilt och scrum.\" \/>\n<meta name=\"robots\" content=\"index, follow, max-snippet:-1, max-image-preview:large, max-video-preview:-1\" \/>\n<link rel=\"canonical\" href=\"https:\/\/www.meqify.se\/sv\/artiklar-agile-scrum\/\" \/>\n<meta property=\"og:locale\" content=\"sv_SE\" \/>\n<meta property=\"og:type\" content=\"article\" \/>\n<meta property=\"og:title\" content=\"Artiklar om agilt och scrum - MEQIFY\" \/>\n<meta property=\"og:description\" content=\"V\u00e5ra anst\u00e4llda delar l\u00e4rdomar och g\u00e5r p\u00e5 djupet inom agilt och scrum.\" \/>\n<meta property=\"og:url\" content=\"https:\/\/www.meqify.se\/sv\/artiklar-agile-scrum\/\" \/>\n<meta property=\"og:site_name\" content=\"MEQIFY\" \/>\n<meta property=\"article:publisher\" content=\"https:\/\/www.facebook.com\/meqify\/\" \/>\n<meta property=\"article:modified_time\" content=\"2022-12-12T08:18:05+00:00\" \/>\n<meta name=\"twitter:card\" content=\"summary_large_image\" \/>\n<meta name=\"twitter:label1\" content=\"Ber\u00e4knad l\u00e4stid\" \/>\n\t<meta name=\"twitter:data1\" content=\"2 minuter\" \/>\n<script type=\"application\/ld+json\" class=\"yoast-schema-graph\">{\"@context\":\"https:\\\/\\\/schema.org\",\"@graph\":[{\"@type\":\"WebPage\",\"@id\":\"https:\\\/\\\/www.meqify.se\\\/sv\\\/artiklar-agile-scrum\\\/\",\"url\":\"https:\\\/\\\/www.meqify.se\\\/sv\\\/artiklar-agile-scrum\\\/\",\"name\":\"Artiklar om agilt och scrum - MEQIFY\",\"isPartOf\":{\"@id\":\"https:\\\/\\\/www.meqify.se\\\/#website\"},\"datePublished\":\"2022-11-22T09:03:28+00:00\",\"dateModified\":\"2022-12-12T08:18:05+00:00\",\"description\":\"V\u00e5ra anst\u00e4llda delar l\u00e4rdomar och g\u00e5r p\u00e5 djupet inom agilt och scrum.\",\"breadcrumb\":{\"@id\":\"https:\\\/\\\/www.meqify.se\\\/sv\\\/artiklar-agile-scrum\\\/#breadcrumb\"},\"inLanguage\":\"sv-SE\",\"potentialAction\":[{\"@type\":\"ReadAction\",\"target\":[\"https:\\\/\\\/www.meqify.se\\\/sv\\\/artiklar-agile-scrum\\\/\"]}]},{\"@type\":\"BreadcrumbList\",\"@id\":\"https:\\\/\\\/www.meqify.se\\\/sv\\\/artiklar-agile-scrum\\\/#breadcrumb\",\"itemListElement\":[{\"@type\":\"ListItem\",\"position\":1,\"name\":\"Home\",\"item\":\"https:\\\/\\\/www.meqify.se\\\/sv\\\/hem-sv\\\/\"},{\"@type\":\"ListItem\",\"position\":2,\"name\":\"Artiklar om agilt och scrum\"}]},{\"@type\":\"WebSite\",\"@id\":\"https:\\\/\\\/www.meqify.se\\\/#website\",\"url\":\"https:\\\/\\\/www.meqify.se\\\/\",\"name\":\"MEQIFY\",\"description\":\"We call it Agile!\",\"publisher\":{\"@id\":\"https:\\\/\\\/www.meqify.se\\\/#organization\"},\"potentialAction\":[{\"@type\":\"SearchAction\",\"target\":{\"@type\":\"EntryPoint\",\"urlTemplate\":\"https:\\\/\\\/www.meqify.se\\\/?s={search_term_string}\"},\"query-input\":{\"@type\":\"PropertyValueSpecification\",\"valueRequired\":true,\"valueName\":\"search_term_string\"}}],\"inLanguage\":\"sv-SE\"},{\"@type\":\"Organization\",\"@id\":\"https:\\\/\\\/www.meqify.se\\\/#organization\",\"name\":\"MEQIFY AB\",\"url\":\"https:\\\/\\\/www.meqify.se\\\/\",\"logo\":{\"@type\":\"ImageObject\",\"inLanguage\":\"sv-SE\",\"@id\":\"https:\\\/\\\/www.meqify.se\\\/#\\\/schema\\\/logo\\\/image\\\/\",\"url\":\"https:\\\/\\\/www.meqify.se\\\/wp-content\\\/uploads\\\/2020\\\/11\\\/173x50xMeqify_Green.png.pagespeed.ic_.n6GnB_wzB1.png\",\"contentUrl\":\"https:\\\/\\\/www.meqify.se\\\/wp-content\\\/uploads\\\/2020\\\/11\\\/173x50xMeqify_Green.png.pagespeed.ic_.n6GnB_wzB1.png\",\"width\":1496,\"height\":433,\"caption\":\"MEQIFY AB\"},\"image\":{\"@id\":\"https:\\\/\\\/www.meqify.se\\\/#\\\/schema\\\/logo\\\/image\\\/\"},\"sameAs\":[\"https:\\\/\\\/www.facebook.com\\\/meqify\\\/\",\"https:\\\/\\\/www.linkedin.com\\\/company\\\/meqify\\\/\"]}]}<\/script>\n<!-- \/ Yoast SEO plugin. -->","yoast_head_json":{"title":"Artiklar om agilt och scrum - MEQIFY","description":"V\u00e5ra anst\u00e4llda delar l\u00e4rdomar och g\u00e5r p\u00e5 djupet inom agilt och scrum.","robots":{"index":"index","follow":"follow","max-snippet":"max-snippet:-1","max-image-preview":"max-image-preview:large","max-video-preview":"max-video-preview:-1"},"canonical":"https:\/\/www.meqify.se\/sv\/artiklar-agile-scrum\/","og_locale":"sv_SE","og_type":"article","og_title":"Artiklar om agilt och scrum - MEQIFY","og_description":"V\u00e5ra anst\u00e4llda delar l\u00e4rdomar och g\u00e5r p\u00e5 djupet inom agilt och scrum.","og_url":"https:\/\/www.meqify.se\/sv\/artiklar-agile-scrum\/","og_site_name":"MEQIFY","article_publisher":"https:\/\/www.facebook.com\/meqify\/","article_modified_time":"2022-12-12T08:18:05+00:00","twitter_card":"summary_large_image","twitter_misc":{"Ber\u00e4knad l\u00e4stid":"2 minuter"},"schema":{"@context":"https:\/\/schema.org","@graph":[{"@type":"WebPage","@id":"https:\/\/www.meqify.se\/sv\/artiklar-agile-scrum\/","url":"https:\/\/www.meqify.se\/sv\/artiklar-agile-scrum\/","name":"Artiklar om agilt och scrum - MEQIFY","isPartOf":{"@id":"https:\/\/www.meqify.se\/#website"},"datePublished":"2022-11-22T09:03:28+00:00","dateModified":"2022-12-12T08:18:05+00:00","description":"V\u00e5ra anst\u00e4llda delar l\u00e4rdomar och g\u00e5r p\u00e5 djupet inom agilt och scrum.","breadcrumb":{"@id":"https:\/\/www.meqify.se\/sv\/artiklar-agile-scrum\/#breadcrumb"},"inLanguage":"sv-SE","potentialAction":[{"@type":"ReadAction","target":["https:\/\/www.meqify.se\/sv\/artiklar-agile-scrum\/"]}]},{"@type":"BreadcrumbList","@id":"https:\/\/www.meqify.se\/sv\/artiklar-agile-scrum\/#breadcrumb","itemListElement":[{"@type":"ListItem","position":1,"name":"Home","item":"https:\/\/www.meqify.se\/sv\/hem-sv\/"},{"@type":"ListItem","position":2,"name":"Artiklar om agilt och scrum"}]},{"@type":"WebSite","@id":"https:\/\/www.meqify.se\/#website","url":"https:\/\/www.meqify.se\/","name":"MEQIFY","description":"We call it Agile!","publisher":{"@id":"https:\/\/www.meqify.se\/#organization"},"potentialAction":[{"@type":"SearchAction","target":{"@type":"EntryPoint","urlTemplate":"https:\/\/www.meqify.se\/?s={search_term_string}"},"query-input":{"@type":"PropertyValueSpecification","valueRequired":true,"valueName":"search_term_string"}}],"inLanguage":"sv-SE"},{"@type":"Organization","@id":"https:\/\/www.meqify.se\/#organization","name":"MEQIFY AB","url":"https:\/\/www.meqify.se\/","logo":{"@type":"ImageObject","inLanguage":"sv-SE","@id":"https:\/\/www.meqify.se\/#\/schema\/logo\/image\/","url":"https:\/\/www.meqify.se\/wp-content\/uploads\/2020\/11\/173x50xMeqify_Green.png.pagespeed.ic_.n6GnB_wzB1.png","contentUrl":"https:\/\/www.meqify.se\/wp-content\/uploads\/2020\/11\/173x50xMeqify_Green.png.pagespeed.ic_.n6GnB_wzB1.png","width":1496,"height":433,"caption":"MEQIFY AB"},"image":{"@id":"https:\/\/www.meqify.se\/#\/schema\/logo\/image\/"},"sameAs":["https:\/\/www.facebook.com\/meqify\/","https:\/\/www.linkedin.com\/company\/meqify\/"]}]}},"_links":{"self":[{"href":"https:\/\/www.meqify.se\/sv\/wp-json\/wp\/v2\/pages\/2302","targetHints":{"allow":["GET"]}}],"collection":[{"href":"https:\/\/www.meqify.se\/sv\/wp-json\/wp\/v2\/pages"}],"about":[{"href":"https:\/\/www.meqify.se\/sv\/wp-json\/wp\/v2\/types\/page"}],"author":[{"embeddable":true,"href":"https:\/\/www.meqify.se\/sv\/wp-json\/wp\/v2\/users\/4"}],"replies":[{"embeddable":true,"href":"https:\/\/www.meqify.se\/sv\/wp-json\/wp\/v2\/comments?post=2302"}],"version-history":[{"count":3,"href":"https:\/\/www.meqify.se\/sv\/wp-json\/wp\/v2\/pages\/2302\/revisions"}],"predecessor-version":[{"id":2754,"href":"https:\/\/www.meqify.se\/sv\/wp-json\/wp\/v2\/pages\/2302\/revisions\/2754"}],"wp:attachment":[{"href":"https:\/\/www.meqify.se\/sv\/wp-json\/wp\/v2\/media?parent=2302"}],"curies":[{"name":"wp","href":"https:\/\/api.w.org\/{rel}","templated":true}]}}