{"id":2484,"date":"2022-12-09T08:19:22","date_gmt":"2022-12-09T08:19:22","guid":{"rendered":"https:\/\/www.meqify.se\/?page_id=2484"},"modified":"2026-01-02T12:57:48","modified_gmt":"2026-01-02T12:57:48","slug":"hem-sv","status":"publish","type":"page","link":"https:\/\/www.meqify.se\/sv\/","title":{"rendered":"Hem"},"content":{"rendered":"<div id='av_section_1'  class='avia-section main_color avia-section-large avia-no-border-styling  avia-bg-style-scroll  avia-builder-el-0  avia-builder-el-no-sibling   av-arrow-down-section container_wrap sidebar_right' style='background-color: #e2f3f4;  '  ><div class='container' ><main  role=\"main\" itemprop=\"mainContentOfPage\"  class='template-page content  av-content-small alpha units'><div class='post-entry post-entry-type-page post-entry-2484'><div class='entry-content-wrapper clearfix'>\n<div class=\"flex_column av_one_fourth  flex_column_div av-zero-column-padding first  avia-builder-el-1  el_before_av_one_half  avia-builder-el-first  \" style='border-radius:0px; '><\/div><div class=\"flex_column av_one_half  flex_column_div av-zero-column-padding   avia-builder-el-2  el_after_av_one_fourth  el_before_av_one_fourth  \" style='border-radius:0px; '><section class=\"av_textblock_section \"  itemscope=\"itemscope\" itemtype=\"https:\/\/schema.org\/CreativeWork\" ><div class='avia_textblock  av_inherit_color '  style='font-size:16px; color:#f8a71e; '  itemprop=\"text\" ><h1 style=\"text-align: center;\">MEQIFY avvecklas under 2026<\/h1>\n<\/div><\/section><br \/>\n<section class=\"av_textblock_section \"  itemscope=\"itemscope\" itemtype=\"https:\/\/schema.org\/CreativeWork\" ><div class='avia_textblock  '  style='font-size:16px; '  itemprop=\"text\" ><p style=\"text-align: left;\">\u2728MEQIFY \u2013 10 \u00e5r av l\u00e4rande, samarbete och v\u00e4rdeskapande<\/p>\n<p>Efter ett decennium av att utveckla team, st\u00e4rka samarbeten och bidra till framg\u00e5ngsrika produkter i Sk\u00e5nskt n\u00e4ringsliv, har vi beslutat att avsluta MEQIFY:s resa under 2026.<br \/>\nVi \u00e4r stolta \u00f6ver v\u00e5ra 125 000 timmar i uppdrag hos f\u00f6retag som Tetra Pak, Alfa Laval, IKEA, Volvo Cars och m\u00e5nga fler. V\u00e5ra 25 konsulter har gjort skillnad \u2013 och g\u00f6r det fortfarande.<br \/>\nAlla v\u00e5ra konsulter \u00e4r i uppdrag och vi st\u00f6djer dem i n\u00e4sta steg i karri\u00e4ren. Vi fullf\u00f6ljer v\u00e5ra \u00e5taganden med samma engagemang och kvalitet som alltid.<br \/>\nDel\u00e4garna Jonas Harris och Thomas Mattsson kommer att forts\u00e4tta sina respektive resor genom JC Harris Consulting AB och Mattsson Project Management AB. Vi kommer gemensamt att f\u00f6rvalta varum\u00e4rket MEQIFY.<br \/>\nTack till alla kunder, partners och medarbetare \u2013 nuvarande och tidigare \u2013 som varit en del av v\u00e5r resa.\u00a0\ud83d\udc9a<\/p>\n<p>\ud83d\udc49 Vi ser fram emot att avsluta med v\u00e4rme, energi och framtidstro.<\/p>\n<\/div><\/section><\/p><\/div><div class=\"flex_column av_one_fourth  flex_column_div av-zero-column-padding   avia-builder-el-5  el_after_av_one_half  el_before_av_hr  \" style='border-radius:0px; '><\/div><div  style='height:40px' class='hr hr-invisible   avia-builder-el-6  el_after_av_one_fourth  el_before_av_hr '><span class='hr-inner ' ><span class='hr-inner-style'><\/span><\/span><\/div>\n<div  style=' margin-top:50px; margin-bottom:50px;'  class='hr hr-custom hr-center hr-icon-no   avia-builder-el-7  el_after_av_hr  el_before_av_textblock '><span class='hr-inner  inner-border-av-border-thin' style=' width:50px;' ><span class='hr-inner-style'><\/span><\/span><\/div>\n<section class=\"av_textblock_section \"  itemscope=\"itemscope\" itemtype=\"https:\/\/schema.org\/CreativeWork\" ><div class='avia_textblock  av_inherit_color '  style='font-size:16px; color:#f8a71e; '  itemprop=\"text\" ><h1 style=\"text-align: center;\">Nyheter<\/h1>\n<\/div><\/section>\n<div   data-autoplay=''  data-interval='5'  data-animation='fade'  data-show_slide_delay='90'  class='avia-content-slider avia-content-grid-active avia-content-slider1 avia-content-slider-odd  avia-builder-el-9  el_after_av_textblock  avia-builder-el-last  '  itemscope=\"itemscope\" itemtype=\"https:\/\/schema.org\/Blog\" ><div class='avia-content-slider-inner'><div class='slide-entry-wrap'><article class='slide-entry flex_column  post-entry post-entry-4229 slide-entry-overview slide-loop-1 slide-parity-odd  av_one_third first real-thumbnail post-format-standard'  itemscope=\"itemscope\" itemtype=\"https:\/\/schema.org\/CreativeWork\" ><a href='https:\/\/www.meqify.se\/sv\/news-sv\/meqify-i-bilder\/' data-rel='slide-1' class='slide-image' title='MEQIFY presenterar sig i bilder'><img decoding=\"async\" width=\"1200\" height=\"628\" src=\"https:\/\/www.meqify.se\/wp-content\/uploads\/2024\/10\/Vecka-39.png\" class=\"wp-image-4230 avia-img-lazy-loading-not-4230 attachment-no scaling size-no scaling wp-post-image\" alt=\"\" srcset=\"https:\/\/www.meqify.se\/wp-content\/uploads\/2024\/10\/Vecka-39.png 1200w, https:\/\/www.meqify.se\/wp-content\/uploads\/2024\/10\/Vecka-39-300x157.png 300w, https:\/\/www.meqify.se\/wp-content\/uploads\/2024\/10\/Vecka-39-1030x539.png 1030w, https:\/\/www.meqify.se\/wp-content\/uploads\/2024\/10\/Vecka-39-768x402.png 768w, https:\/\/www.meqify.se\/wp-content\/uploads\/2024\/10\/Vecka-39-705x369.png 705w\" sizes=\"(max-width: 1200px) 100vw, 1200px\" \/><\/a><div class='slide-content'><header class=\"entry-content-header\"><h3 class='slide-entry-title entry-title '  itemprop=\"headline\" ><a href='https:\/\/www.meqify.se\/sv\/news-sv\/meqify-i-bilder\/' title='MEQIFY presenterar sig i bilder'>MEQIFY presenterar sig i bilder<\/a><\/h3><span class=\"av-vertical-delimiter\"><\/span><\/header><div class='slide-meta'><div class='slide-meta-comments'><a href='https:\/\/www.meqify.se\/sv\/news-sv\/meqify-i-bilder\/#respond'>0 Kommentarer<\/a><\/div><div class='slide-meta-del'>\/<\/div><time class='slide-meta-time updated'  itemprop=\"datePublished\" datetime=\"2024-10-01T10:10:10+00:00\" >2024-10-01<\/time><\/div><div class='slide-entry-excerpt entry-content'  itemprop=\"text\" >MEQIFY hj\u00e4lper kunder till effektiv och m\u00e5linriktad produktutveckling genom att ta tillvata motivation, talanger och if\u00e9er.<\/div><\/div><footer class=\"entry-footer\"><\/footer><span class='hidden'>\n\t\t\t\t<span class='av-structured-data'  itemprop=\"image\" itemscope=\"itemscope\" itemtype=\"https:\/\/schema.org\/ImageObject\" >\n\t\t\t\t\t\t<span itemprop='url'>https:\/\/www.meqify.se\/wp-content\/uploads\/2024\/10\/Vecka-39.png<\/span>\n\t\t\t\t\t\t<span itemprop='height'>628<\/span>\n\t\t\t\t\t\t<span itemprop='width'>1200<\/span>\n\t\t\t\t<\/span>\n\t\t\t\t<span class='av-structured-data'  itemprop=\"publisher\" itemtype=\"https:\/\/schema.org\/Organization\" itemscope=\"itemscope\" >\n\t\t\t\t\t\t<span itemprop='name'>Thomas Mattsson<\/span>\n\t\t\t\t\t\t<span itemprop='logo' itemscope itemtype='https:\/\/schema.org\/ImageObject'>\n\t\t\t\t\t\t\t<span itemprop='url'>https:\/\/www.meqify.se\/wp-content\/uploads\/2020\/11\/173x50xMeqify_Green.png.pagespeed.ic_.n6GnB_wzB1-300x87.png<\/span>\n\t\t\t\t\t\t <\/span>\n\t\t\t\t<\/span><span class='av-structured-data'  itemprop=\"author\" itemscope=\"itemscope\" itemtype=\"https:\/\/schema.org\/Person\" ><span itemprop='name'>Thomas Mattsson<\/span><\/span><span class='av-structured-data'  itemprop=\"datePublished\" datetime=\"2022-12-09T08:19:22+00:00\" >2024-10-01 10:10:10<\/span><span class='av-structured-data'  itemprop=\"dateModified\" itemtype=\"https:\/\/schema.org\/dateModified\" >2024-10-01 10:46:04<\/span><span class='av-structured-data'  itemprop=\"mainEntityOfPage\" itemtype=\"https:\/\/schema.org\/mainEntityOfPage\" ><span itemprop='name'>MEQIFY presenterar sig i bilder<\/span><\/span><\/span><\/article><article class='slide-entry flex_column  post-entry post-entry-3893 slide-entry-overview slide-loop-2 slide-parity-even  av_one_third  real-thumbnail post-format-standard'  itemscope=\"itemscope\" itemtype=\"https:\/\/schema.org\/CreativeWork\" ><a href='https:\/\/www.meqify.se\/sv\/news-sv\/vi-valkomnar-nicklas-rydje\/' data-rel='slide-1' class='slide-image' title='Vi v\u00e4lkomnar Nicklas Rydje tillbaka till MEQIFY'><img decoding=\"async\" width=\"1200\" height=\"628\" src=\"https:\/\/www.meqify.se\/wp-content\/uploads\/2023\/11\/Nicklas-borjar-pa-MEQIFY.jpg\" class=\"wp-image-3887 avia-img-lazy-loading-not-3887 attachment-no scaling size-no scaling wp-post-image\" alt=\"\" srcset=\"https:\/\/www.meqify.se\/wp-content\/uploads\/2023\/11\/Nicklas-borjar-pa-MEQIFY.jpg 1200w, https:\/\/www.meqify.se\/wp-content\/uploads\/2023\/11\/Nicklas-borjar-pa-MEQIFY-300x157.jpg 300w, https:\/\/www.meqify.se\/wp-content\/uploads\/2023\/11\/Nicklas-borjar-pa-MEQIFY-1030x539.jpg 1030w, https:\/\/www.meqify.se\/wp-content\/uploads\/2023\/11\/Nicklas-borjar-pa-MEQIFY-768x402.jpg 768w, https:\/\/www.meqify.se\/wp-content\/uploads\/2023\/11\/Nicklas-borjar-pa-MEQIFY-705x369.jpg 705w\" sizes=\"(max-width: 1200px) 100vw, 1200px\" \/><\/a><div class='slide-content'><header class=\"entry-content-header\"><h3 class='slide-entry-title entry-title '  itemprop=\"headline\" ><a href='https:\/\/www.meqify.se\/sv\/news-sv\/vi-valkomnar-nicklas-rydje\/' title='Vi v\u00e4lkomnar Nicklas Rydje tillbaka till MEQIFY'>Vi v\u00e4lkomnar Nicklas Rydje tillbaka till MEQIFY<\/a><\/h3><span class=\"av-vertical-delimiter\"><\/span><\/header><div class='slide-meta'><div class='slide-meta-comments'><a href='https:\/\/www.meqify.se\/sv\/news-sv\/vi-valkomnar-nicklas-rydje\/#respond'>0 Kommentarer<\/a><\/div><div class='slide-meta-del'>\/<\/div><time class='slide-meta-time updated'  itemprop=\"datePublished\" datetime=\"2023-11-16T09:14:59+00:00\" >2023-11-16<\/time><\/div><div class='slide-entry-excerpt entry-content'  itemprop=\"text\" >Vi \u00e4r glada att v\u00e4lkomna Nicklas Rydje tillbaka till MEQIFY. Han har varit borta fr\u00e5n MEQIFY i ett \u00e5r som Agile Coach hos ett produktbolag. Onboardingen tog inte l\u00e5ng tid och Nicklas kunde vara medtr\u00e4nare till Scrum for Hardware utbildningen i oktober. Fr\u00e5n och med november \u00e4r Nicklas i en RTE-roll hos Volvo Cars i byggnaden bredvid oss h\u00e4r i Lund.<\/div><\/div><footer class=\"entry-footer\"><\/footer><span class='hidden'>\n\t\t\t\t<span class='av-structured-data'  itemprop=\"image\" itemscope=\"itemscope\" itemtype=\"https:\/\/schema.org\/ImageObject\" >\n\t\t\t\t\t\t<span itemprop='url'>https:\/\/www.meqify.se\/wp-content\/uploads\/2023\/11\/Nicklas-borjar-pa-MEQIFY.jpg<\/span>\n\t\t\t\t\t\t<span itemprop='height'>628<\/span>\n\t\t\t\t\t\t<span itemprop='width'>1200<\/span>\n\t\t\t\t<\/span>\n\t\t\t\t<span class='av-structured-data'  itemprop=\"publisher\" itemtype=\"https:\/\/schema.org\/Organization\" itemscope=\"itemscope\" >\n\t\t\t\t\t\t<span itemprop='name'>Thomas Mattsson<\/span>\n\t\t\t\t\t\t<span itemprop='logo' itemscope itemtype='https:\/\/schema.org\/ImageObject'>\n\t\t\t\t\t\t\t<span itemprop='url'>https:\/\/www.meqify.se\/wp-content\/uploads\/2020\/11\/173x50xMeqify_Green.png.pagespeed.ic_.n6GnB_wzB1-300x87.png<\/span>\n\t\t\t\t\t\t <\/span>\n\t\t\t\t<\/span><span class='av-structured-data'  itemprop=\"author\" itemscope=\"itemscope\" itemtype=\"https:\/\/schema.org\/Person\" ><span itemprop='name'>Thomas Mattsson<\/span><\/span><span class='av-structured-data'  itemprop=\"datePublished\" datetime=\"2022-12-09T08:19:22+00:00\" >2023-11-16 09:14:59<\/span><span class='av-structured-data'  itemprop=\"dateModified\" itemtype=\"https:\/\/schema.org\/dateModified\" >2023-11-16 09:16:33<\/span><span class='av-structured-data'  itemprop=\"mainEntityOfPage\" itemtype=\"https:\/\/schema.org\/mainEntityOfPage\" ><span itemprop='name'>Vi v\u00e4lkomnar Nicklas Rydje tillbaka till MEQIFY<\/span><\/span><\/span><\/article><article class='slide-entry flex_column  post-entry post-entry-3339 slide-entry-overview slide-loop-3 slide-parity-odd  post-entry-last  av_one_third  real-thumbnail post-format-standard'  itemscope=\"itemscope\" itemtype=\"https:\/\/schema.org\/CreativeWork\" ><a href='https:\/\/www.meqify.se\/sv\/news-sv\/vi-valkomnar-ola-wintzell-till-meqify\/' data-rel='slide-1' class='slide-image' title='Vi v\u00e4lkomnar Ola Wintzell till MEQIFY'><img decoding=\"async\" width=\"1200\" height=\"628\" src=\"https:\/\/www.meqify.se\/wp-content\/uploads\/2023\/05\/Ola-borjar-pa-MEQIFY.jpg\" class=\"wp-image-3341 avia-img-lazy-loading-not-3341 attachment-no scaling size-no scaling wp-post-image\" alt=\"\" srcset=\"https:\/\/www.meqify.se\/wp-content\/uploads\/2023\/05\/Ola-borjar-pa-MEQIFY.jpg 1200w, https:\/\/www.meqify.se\/wp-content\/uploads\/2023\/05\/Ola-borjar-pa-MEQIFY-300x157.jpg 300w, https:\/\/www.meqify.se\/wp-content\/uploads\/2023\/05\/Ola-borjar-pa-MEQIFY-1030x539.jpg 1030w, https:\/\/www.meqify.se\/wp-content\/uploads\/2023\/05\/Ola-borjar-pa-MEQIFY-768x402.jpg 768w, https:\/\/www.meqify.se\/wp-content\/uploads\/2023\/05\/Ola-borjar-pa-MEQIFY-705x369.jpg 705w\" sizes=\"(max-width: 1200px) 100vw, 1200px\" \/><\/a><div class='slide-content'><header class=\"entry-content-header\"><h3 class='slide-entry-title entry-title '  itemprop=\"headline\" ><a href='https:\/\/www.meqify.se\/sv\/news-sv\/vi-valkomnar-ola-wintzell-till-meqify\/' title='Vi v\u00e4lkomnar Ola Wintzell till MEQIFY'>Vi v\u00e4lkomnar Ola Wintzell till MEQIFY<\/a><\/h3><span class=\"av-vertical-delimiter\"><\/span><\/header><div class='slide-meta'><div class='slide-meta-comments'><a href='https:\/\/www.meqify.se\/sv\/news-sv\/vi-valkomnar-ola-wintzell-till-meqify\/#respond'>0 Kommentarer<\/a><\/div><div class='slide-meta-del'>\/<\/div><time class='slide-meta-time updated'  itemprop=\"datePublished\" datetime=\"2023-05-03T14:13:59+00:00\" >2023-05-03<\/time><\/div><div class='slide-entry-excerpt entry-content'  itemprop=\"text\" >Vi \u00e4r glada att v\u00e4lkomna Ola Wintzell till MEQIFY. Han har en l\u00e5ng erfarenhet fr\u00e5n utvecklingsarbete. Senast kommer Ola fr\u00e5n Modelon d\u00e4r han var Product Development Director. Ola gick sin f\u00f6rsta Scrum Master utbildning redan 2009 och han har fortsatt att arbeta agilt sedan dess i sina olika roller.<\/div><\/div><footer class=\"entry-footer\"><\/footer><span class='hidden'>\n\t\t\t\t<span class='av-structured-data'  itemprop=\"image\" itemscope=\"itemscope\" itemtype=\"https:\/\/schema.org\/ImageObject\" >\n\t\t\t\t\t\t<span itemprop='url'>https:\/\/www.meqify.se\/wp-content\/uploads\/2023\/05\/Ola-borjar-pa-MEQIFY.jpg<\/span>\n\t\t\t\t\t\t<span itemprop='height'>628<\/span>\n\t\t\t\t\t\t<span itemprop='width'>1200<\/span>\n\t\t\t\t<\/span>\n\t\t\t\t<span class='av-structured-data'  itemprop=\"publisher\" itemtype=\"https:\/\/schema.org\/Organization\" itemscope=\"itemscope\" >\n\t\t\t\t\t\t<span itemprop='name'>Thomas Mattsson<\/span>\n\t\t\t\t\t\t<span itemprop='logo' itemscope itemtype='https:\/\/schema.org\/ImageObject'>\n\t\t\t\t\t\t\t<span itemprop='url'>https:\/\/www.meqify.se\/wp-content\/uploads\/2020\/11\/173x50xMeqify_Green.png.pagespeed.ic_.n6GnB_wzB1-300x87.png<\/span>\n\t\t\t\t\t\t <\/span>\n\t\t\t\t<\/span><span class='av-structured-data'  itemprop=\"author\" itemscope=\"itemscope\" itemtype=\"https:\/\/schema.org\/Person\" ><span itemprop='name'>Thomas Mattsson<\/span><\/span><span class='av-structured-data'  itemprop=\"datePublished\" datetime=\"2022-12-09T08:19:22+00:00\" >2023-05-03 14:13:59<\/span><span class='av-structured-data'  itemprop=\"dateModified\" itemtype=\"https:\/\/schema.org\/dateModified\" >2023-05-03 14:13:59<\/span><span class='av-structured-data'  itemprop=\"mainEntityOfPage\" itemtype=\"https:\/\/schema.org\/mainEntityOfPage\" ><span itemprop='name'>Vi v\u00e4lkomnar Ola Wintzell till MEQIFY<\/span><\/span><\/span><\/article><\/div><\/div><\/div>\n<\/div><\/div><\/main><!-- close content main element --><\/div><div class='av-extra-border-element border-extra-arrow-down'><div class='av-extra-border-outer'><div class='av-extra-border-inner'  style='background-color:#e2f3f4;' ><\/div><\/div><\/div><\/div><div id='after_section_1'  class='main_color av_default_container_wrap container_wrap sidebar_right' style=' '  ><div class='container' ><div class='template-page content  av-content-small alpha units'><div class='post-entry post-entry-type-page post-entry-2484'><div class='entry-content-wrapper clearfix'>\n","protected":false},"excerpt":{"rendered":"","protected":false},"author":4,"featured_media":0,"parent":0,"menu_order":0,"comment_status":"open","ping_status":"closed","template":"","meta":{"content-type":"","footnotes":""},"class_list":["post-2484","page","type-page","status-publish","hentry"],"yoast_head":"<!-- This site is optimized with the Yoast SEO plugin v27.5 - https:\/\/yoast.com\/product\/yoast-seo-wordpress\/ -->\n<title>MEQIFY \u2013 Vi kallar det agilt!<\/title>\n<meta name=\"description\" content=\"MEQIFY utvecklar team och hj\u00e4lper kollegor att arbeta b\u00e4ttre tillsammans med agila metoder. Investeringen har en positiv effekt p\u00e5 ditt slutresultat \u2013 och p\u00e5 arbetsgl\u00e4djen.\" \/>\n<meta name=\"robots\" content=\"index, follow, max-snippet:-1, max-image-preview:large, max-video-preview:-1\" \/>\n<link rel=\"canonical\" href=\"https:\/\/www.meqify.se\/sv\/hem-sv\/\" \/>\n<meta property=\"og:locale\" content=\"sv_SE\" \/>\n<meta property=\"og:type\" content=\"article\" \/>\n<meta property=\"og:title\" content=\"MEQIFY \u2013 Vi kallar det agilt!\" \/>\n<meta property=\"og:description\" content=\"MEQIFY utvecklar team och hj\u00e4lper kollegor att arbeta b\u00e4ttre tillsammans med agila metoder. Investeringen har en positiv effekt p\u00e5 ditt slutresultat \u2013 och p\u00e5 arbetsgl\u00e4djen.\" \/>\n<meta property=\"og:url\" content=\"https:\/\/www.meqify.se\/sv\/hem-sv\/\" \/>\n<meta property=\"og:site_name\" content=\"MEQIFY\" \/>\n<meta property=\"article:publisher\" content=\"https:\/\/www.facebook.com\/meqify\/\" \/>\n<meta property=\"article:modified_time\" content=\"2026-01-02T12:57:48+00:00\" \/>\n<meta name=\"twitter:card\" content=\"summary_large_image\" \/>\n<meta name=\"twitter:label1\" content=\"Ber\u00e4knad l\u00e4stid\" \/>\n\t<meta name=\"twitter:data1\" content=\"5 minuter\" \/>\n<script type=\"application\/ld+json\" class=\"yoast-schema-graph\">{\"@context\":\"https:\\\/\\\/schema.org\",\"@graph\":[{\"@type\":\"WebPage\",\"@id\":\"https:\\\/\\\/www.meqify.se\\\/sv\\\/hem-sv\\\/\",\"url\":\"https:\\\/\\\/www.meqify.se\\\/sv\\\/hem-sv\\\/\",\"name\":\"MEQIFY \u2013 Vi kallar det agilt!\",\"isPartOf\":{\"@id\":\"https:\\\/\\\/www.meqify.se\\\/#website\"},\"datePublished\":\"2022-12-09T08:19:22+00:00\",\"dateModified\":\"2026-01-02T12:57:48+00:00\",\"description\":\"MEQIFY utvecklar team och hj\u00e4lper kollegor att arbeta b\u00e4ttre tillsammans med agila metoder. Investeringen har en positiv effekt p\u00e5 ditt slutresultat \u2013 och p\u00e5 arbetsgl\u00e4djen.\",\"breadcrumb\":{\"@id\":\"https:\\\/\\\/www.meqify.se\\\/sv\\\/hem-sv\\\/#breadcrumb\"},\"inLanguage\":\"sv-SE\",\"potentialAction\":[{\"@type\":\"ReadAction\",\"target\":[\"https:\\\/\\\/www.meqify.se\\\/sv\\\/hem-sv\\\/\"]}]},{\"@type\":\"BreadcrumbList\",\"@id\":\"https:\\\/\\\/www.meqify.se\\\/sv\\\/hem-sv\\\/#breadcrumb\",\"itemListElement\":[{\"@type\":\"ListItem\",\"position\":1,\"name\":\"Home\",\"item\":\"https:\\\/\\\/www.meqify.se\\\/sv\\\/hem-sv\\\/\"},{\"@type\":\"ListItem\",\"position\":2,\"name\":\"Hem\"}]},{\"@type\":\"WebSite\",\"@id\":\"https:\\\/\\\/www.meqify.se\\\/#website\",\"url\":\"https:\\\/\\\/www.meqify.se\\\/\",\"name\":\"MEQIFY\",\"description\":\"We call it Agile!\",\"publisher\":{\"@id\":\"https:\\\/\\\/www.meqify.se\\\/#organization\"},\"potentialAction\":[{\"@type\":\"SearchAction\",\"target\":{\"@type\":\"EntryPoint\",\"urlTemplate\":\"https:\\\/\\\/www.meqify.se\\\/?s={search_term_string}\"},\"query-input\":{\"@type\":\"PropertyValueSpecification\",\"valueRequired\":true,\"valueName\":\"search_term_string\"}}],\"inLanguage\":\"sv-SE\"},{\"@type\":\"Organization\",\"@id\":\"https:\\\/\\\/www.meqify.se\\\/#organization\",\"name\":\"MEQIFY AB\",\"url\":\"https:\\\/\\\/www.meqify.se\\\/\",\"logo\":{\"@type\":\"ImageObject\",\"inLanguage\":\"sv-SE\",\"@id\":\"https:\\\/\\\/www.meqify.se\\\/#\\\/schema\\\/logo\\\/image\\\/\",\"url\":\"https:\\\/\\\/www.meqify.se\\\/wp-content\\\/uploads\\\/2020\\\/11\\\/173x50xMeqify_Green.png.pagespeed.ic_.n6GnB_wzB1.png\",\"contentUrl\":\"https:\\\/\\\/www.meqify.se\\\/wp-content\\\/uploads\\\/2020\\\/11\\\/173x50xMeqify_Green.png.pagespeed.ic_.n6GnB_wzB1.png\",\"width\":1496,\"height\":433,\"caption\":\"MEQIFY AB\"},\"image\":{\"@id\":\"https:\\\/\\\/www.meqify.se\\\/#\\\/schema\\\/logo\\\/image\\\/\"},\"sameAs\":[\"https:\\\/\\\/www.facebook.com\\\/meqify\\\/\",\"https:\\\/\\\/www.linkedin.com\\\/company\\\/meqify\\\/\"]}]}<\/script>\n<!-- \/ Yoast SEO plugin. -->","yoast_head_json":{"title":"MEQIFY \u2013 Vi kallar det agilt!","description":"MEQIFY utvecklar team och hj\u00e4lper kollegor att arbeta b\u00e4ttre tillsammans med agila metoder. Investeringen har en positiv effekt p\u00e5 ditt slutresultat \u2013 och p\u00e5 arbetsgl\u00e4djen.","robots":{"index":"index","follow":"follow","max-snippet":"max-snippet:-1","max-image-preview":"max-image-preview:large","max-video-preview":"max-video-preview:-1"},"canonical":"https:\/\/www.meqify.se\/sv\/hem-sv\/","og_locale":"sv_SE","og_type":"article","og_title":"MEQIFY \u2013 Vi kallar det agilt!","og_description":"MEQIFY utvecklar team och hj\u00e4lper kollegor att arbeta b\u00e4ttre tillsammans med agila metoder. Investeringen har en positiv effekt p\u00e5 ditt slutresultat \u2013 och p\u00e5 arbetsgl\u00e4djen.","og_url":"https:\/\/www.meqify.se\/sv\/hem-sv\/","og_site_name":"MEQIFY","article_publisher":"https:\/\/www.facebook.com\/meqify\/","article_modified_time":"2026-01-02T12:57:48+00:00","twitter_card":"summary_large_image","twitter_misc":{"Ber\u00e4knad l\u00e4stid":"5 minuter"},"schema":{"@context":"https:\/\/schema.org","@graph":[{"@type":"WebPage","@id":"https:\/\/www.meqify.se\/sv\/hem-sv\/","url":"https:\/\/www.meqify.se\/sv\/hem-sv\/","name":"MEQIFY \u2013 Vi kallar det agilt!","isPartOf":{"@id":"https:\/\/www.meqify.se\/#website"},"datePublished":"2022-12-09T08:19:22+00:00","dateModified":"2026-01-02T12:57:48+00:00","description":"MEQIFY utvecklar team och hj\u00e4lper kollegor att arbeta b\u00e4ttre tillsammans med agila metoder. Investeringen har en positiv effekt p\u00e5 ditt slutresultat \u2013 och p\u00e5 arbetsgl\u00e4djen.","breadcrumb":{"@id":"https:\/\/www.meqify.se\/sv\/hem-sv\/#breadcrumb"},"inLanguage":"sv-SE","potentialAction":[{"@type":"ReadAction","target":["https:\/\/www.meqify.se\/sv\/hem-sv\/"]}]},{"@type":"BreadcrumbList","@id":"https:\/\/www.meqify.se\/sv\/hem-sv\/#breadcrumb","itemListElement":[{"@type":"ListItem","position":1,"name":"Home","item":"https:\/\/www.meqify.se\/sv\/hem-sv\/"},{"@type":"ListItem","position":2,"name":"Hem"}]},{"@type":"WebSite","@id":"https:\/\/www.meqify.se\/#website","url":"https:\/\/www.meqify.se\/","name":"MEQIFY","description":"We call it Agile!","publisher":{"@id":"https:\/\/www.meqify.se\/#organization"},"potentialAction":[{"@type":"SearchAction","target":{"@type":"EntryPoint","urlTemplate":"https:\/\/www.meqify.se\/?s={search_term_string}"},"query-input":{"@type":"PropertyValueSpecification","valueRequired":true,"valueName":"search_term_string"}}],"inLanguage":"sv-SE"},{"@type":"Organization","@id":"https:\/\/www.meqify.se\/#organization","name":"MEQIFY AB","url":"https:\/\/www.meqify.se\/","logo":{"@type":"ImageObject","inLanguage":"sv-SE","@id":"https:\/\/www.meqify.se\/#\/schema\/logo\/image\/","url":"https:\/\/www.meqify.se\/wp-content\/uploads\/2020\/11\/173x50xMeqify_Green.png.pagespeed.ic_.n6GnB_wzB1.png","contentUrl":"https:\/\/www.meqify.se\/wp-content\/uploads\/2020\/11\/173x50xMeqify_Green.png.pagespeed.ic_.n6GnB_wzB1.png","width":1496,"height":433,"caption":"MEQIFY AB"},"image":{"@id":"https:\/\/www.meqify.se\/#\/schema\/logo\/image\/"},"sameAs":["https:\/\/www.facebook.com\/meqify\/","https:\/\/www.linkedin.com\/company\/meqify\/"]}]}},"_links":{"self":[{"href":"https:\/\/www.meqify.se\/sv\/wp-json\/wp\/v2\/pages\/2484","targetHints":{"allow":["GET"]}}],"collection":[{"href":"https:\/\/www.meqify.se\/sv\/wp-json\/wp\/v2\/pages"}],"about":[{"href":"https:\/\/www.meqify.se\/sv\/wp-json\/wp\/v2\/types\/page"}],"author":[{"embeddable":true,"href":"https:\/\/www.meqify.se\/sv\/wp-json\/wp\/v2\/users\/4"}],"replies":[{"embeddable":true,"href":"https:\/\/www.meqify.se\/sv\/wp-json\/wp\/v2\/comments?post=2484"}],"version-history":[{"count":3,"href":"https:\/\/www.meqify.se\/sv\/wp-json\/wp\/v2\/pages\/2484\/revisions"}],"predecessor-version":[{"id":4350,"href":"https:\/\/www.meqify.se\/sv\/wp-json\/wp\/v2\/pages\/2484\/revisions\/4350"}],"wp:attachment":[{"href":"https:\/\/www.meqify.se\/sv\/wp-json\/wp\/v2\/media?parent=2484"}],"curies":[{"name":"wp","href":"https:\/\/api.w.org\/{rel}","templated":true}]}}